{"id":239,"date":"2023-03-21T10:46:16","date_gmt":"2023-03-21T09:46:16","guid":{"rendered":"https:\/\/www.rdadvocaten.nl\/?page_id=239"},"modified":"2023-04-04T12:25:33","modified_gmt":"2023-04-04T10:25:33","slug":"werken-in-nederland","status":"publish","type":"page","link":"https:\/\/www.rdadvocaten.nl\/tr\/vreemdelingenrecht\/regulier\/werken-in-nederland\/","title":{"rendered":"Hollanda&#039;da \u00e7al\u0131\u015fmak"},"content":{"rendered":"<section class=\"section\" id=\"section_1215144728\">\n\t\t<div class=\"bg section-bg fill bg-fill  bg-loaded\" >\n\n\t\t\t\n\t\t\t\n\t\t\t\n\n\t\t<\/div>\n\n\t\t\n\n\t\t<div class=\"section-content relative\">\n\t\t\t\n<div class=\"row row-collapse\"  id=\"row-2101825619\">\n\n\t<div id=\"col-1598602095\" class=\"col small-12 large-12\"  >\n\t\t\t\t<div class=\"col-inner\"  >\n\t\t\t\n\t\t\t\n<div class=\"container section-title-container\" ><h1 class=\"section-title section-title-center\"><b><\/b><span class=\"section-title-main\" >Hollanda&#039;da \u00e7al\u0131\u015fmak<\/span><b><\/b><\/h1><\/div>\n\t\t<\/div>\n\t\t\t\t\t<\/div>\n\n\t\n<\/div>\n<div class=\"row align-middle\"  id=\"row-618936742\">\n\n\t<div id=\"col-1429238177\" class=\"col medium-6 small-12 large-6\"  >\n\t\t\t\t<div class=\"col-inner\"  >\n\t\t\t\n\t\t\t\n\t<div class=\"img has-hover x md-x lg-x y md-y lg-y\" id=\"image_1922821176\">\n\t\t\t\t\t\t\t\t<div class=\"img-inner dark\" >\n\t\t\t<img loading=\"lazy\" decoding=\"async\" width=\"1000\" height=\"845\" src=\"https:\/\/www.rdadvocaten.nl\/wp-content\/uploads\/2023\/04\/laptop.jpg\" class=\"attachment-large size-large\" alt=\"\" srcset=\"https:\/\/www.rdadvocaten.nl\/wp-content\/uploads\/2023\/04\/laptop.jpg 1000w, https:\/\/www.rdadvocaten.nl\/wp-content\/uploads\/2023\/04\/laptop-300x254.jpg 300w, https:\/\/www.rdadvocaten.nl\/wp-content\/uploads\/2023\/04\/laptop-768x649.jpg 768w, https:\/\/www.rdadvocaten.nl\/wp-content\/uploads\/2023\/04\/laptop-14x12.jpg 14w\" sizes=\"auto, (max-width: 1000px) 100vw, 1000px\" \/>\t\t\t\t\t\t\n\t\t\t\t\t<\/div>\n\t\t\t\t\t\t\t\t\n<style>\n#image_1922821176 {\n  width: 100%;\n}\n<\/style>\n\t<\/div>\n\t\n\t\t<\/div>\n\t\t\t\t\t<\/div>\n\n\t\n\n\t<div id=\"col-728220427\" class=\"col medium-6 small-12 large-6\"  >\n\t\t\t\t<div class=\"col-inner\"  >\n\t\t\t\n\t\t\t\n<p>Bir i\u015fveren misiniz ve AB\/AEA \u00fcyesi bir \u00fclkenin veya \u0130svi\u00e7re&#039;nin vatanda\u015fl\u0131\u011f\u0131na sahip bir \u00e7al\u0131\u015fan\u0131\nistihdam etmeyi d\u00fc\u015f\u00fcn\u00fcyor musunuz? E\u011fer \u00f6yleyse, \u00e7al\u0131\u015fan\u0131n\u0131z Hollanda&#039;da \u00e7al\u0131\u015fmakta \u00f6zg\u00fcr olacakt\u0131r\n(\u00f6rne\u011fin istenmeyen bir beyan s\u00f6z konusu de\u011filse).<\/p>\n<p>\u00c7al\u0131\u015fan\u0131n\u0131z AB\/AEA \u00fcyesi bir \u00fclkenin veya \u0130svi\u00e7re&#039;nin vatanda\u015fl\u0131\u011f\u0131na sahip de\u011filse ve bu nedenle\n\u00fc\u00e7\u00fcnc\u00fc \u00fclke vatanda\u015f\u0131ysa, \u00e7al\u0131\u015fan\u0131n\u0131z\u0131n oturma ve \u00e7al\u0131\u015fma iznine ihtiyac\u0131 olabilir. \u00c7al\u0131\u015fan\u0131n\u0131z\u0131n\npozisyonuna ba\u011fl\u0131 olarak, ba\u015fvurulabilecek \u00e7e\u015fitli oturma izinleri vard\u0131r. \u00d6rne\u011fin:<\/p>\n<ul>\n<li>Bir start-up<\/li>\n<li>Ulusal y\u00fcksek vas\u0131fl\u0131 g\u00f6\u00e7men program\u0131<\/li>\n<li>\u015eirket i\u00e7i transfer<\/li>\n<li>Avrupa mavi kart\u0131<\/li>\n<\/ul>\n<p>Baz\u0131 durumlarda tan\u0131nm\u0131\u015f sponsor olan i\u015fverenler i\u00e7in h\u0131zl\u0131 prosed\u00fcrler geli\u015ftirilmi\u015ftir (T\u00fcrk\nvatanda\u015flar\u0131 i\u00e7in bu konuda degi\u015fik kurallar ge\u00e7erlid\u0131r).<\/p>\n\t\t<\/div>\n\t\t\t\t\t<\/div>\n\n\t\n<\/div>\n<div class=\"row align-middle\"  id=\"row-1596297401\">\n\n\t<div id=\"col-1578419702\" class=\"col medium-6 small-12 large-6\"  >\n\t\t\t\t<div class=\"col-inner\"  >\n\t\t\t\n\t\t\t\n<p>E\u011fer bir \u00e7al\u0131\u015fansan\u0131z ve Hollanda&#039;da i\u015fe ba\u015flamak istiyorsan\u0131z, birle\u015fik oturma ve \u00e7al\u0131\u015fma izni i\u00e7in\nba\u015fvurman\u0131z gerekebilir. Bu, oturma izni ve \u00e7al\u0131\u015fma iznini i\u00e7erir. Bu her zaman gerekli de\u011fildir. \u0130\u015fg\u00fcc\u00fc\npiyasas\u0131 testi i\u00e7in istisnalar ge\u00e7erlidir.<\/p>\n<p>\u00c7al\u0131\u015fan\u0131n aile \u00fcyeleri de genellikle Hollanda&#039;ya gelebilir.<\/p>\n<p>Sizin durumunuzda hangi iznin gerekli oldu\u011funu ve ailenizin sizinle birlikte seyahat edip\nedemeyece\u011fini \u00f6\u011frenmek i\u00e7in Rukiye ile ileti\u015fime ge\u00e7mekten \u00e7ekinmeyin.<\/p>\n<a href=\"tel:+31762050810\" target=\"_self\" class=\"button primary lowercase\"  >\n  <i class=\"icon-phone\" aria-hidden=\"true\" ><\/i>  <span>+31 (0)76 205 0810<\/span>\n  <\/a>\n\n\n<a href=\"mailto:info@rdadvocaten.nl\" target=\"_self\" class=\"button primary lowercase\"  >\n  <i class=\"icon-envelop\" aria-hidden=\"true\" ><\/i>  <span>info@rdadvocaten.nl<\/span>\n  <\/a>\n\n\t\t<\/div>\n\t\t\t\t\t<\/div>\n\n\t\n\n\t<div id=\"col-179303211\" class=\"col medium-6 small-12 large-6 small-col-first\"  >\n\t\t\t\t<div class=\"col-inner\"  >\n\t\t\t\n\t\t\t\n\t<div class=\"img has-hover x md-x lg-x y md-y lg-y\" id=\"image_1284067692\">\n\t\t\t\t\t\t\t\t<div class=\"img-inner dark\" >\n\t\t\t<img loading=\"lazy\" decoding=\"async\" width=\"1000\" height=\"667\" src=\"https:\/\/www.rdadvocaten.nl\/wp-content\/uploads\/2023\/04\/werken.jpg\" class=\"attachment-large size-large\" alt=\"\" srcset=\"https:\/\/www.rdadvocaten.nl\/wp-content\/uploads\/2023\/04\/werken.jpg 1000w, https:\/\/www.rdadvocaten.nl\/wp-content\/uploads\/2023\/04\/werken-300x200.jpg 300w, https:\/\/www.rdadvocaten.nl\/wp-content\/uploads\/2023\/04\/werken-768x512.jpg 768w, https:\/\/www.rdadvocaten.nl\/wp-content\/uploads\/2023\/04\/werken-18x12.jpg 18w\" sizes=\"auto, (max-width: 1000px) 100vw, 1000px\" \/>\t\t\t\t\t\t\n\t\t\t\t\t<\/div>\n\t\t\t\t\t\t\t\t\n<style>\n#image_1284067692 {\n  width: 100%;\n}\n<\/style>\n\t<\/div>\n\t\n\t\t<\/div>\n\t\t\t\t\t<\/div>\n\n\t\n<\/div>\n\t\t<\/div>\n\n\t\t\n<style>\n#section_1215144728 {\n  padding-top: 30px;\n  padding-bottom: 30px;\n}\n#section_1215144728 .ux-shape-divider--top svg {\n  height: 150px;\n  --divider-top-width: 100%;\n}\n#section_1215144728 .ux-shape-divider--bottom svg {\n  height: 150px;\n  --divider-width: 100%;\n}\n<\/style>\n\t<\/section>","protected":false},"excerpt":{"rendered":"","protected":false},"author":1,"featured_media":0,"parent":94,"menu_order":0,"comment_status":"closed","ping_status":"closed","template":"page-blank.php","meta":{"footnotes":""},"class_list":["post-239","page","type-page","status-publish","hentry"],"yoast_head":"<!-- This site is optimized with the Yoast SEO plugin v27.3 - https:\/\/yoast.com\/product\/yoast-seo-wordpress\/ -->\n<title>Werken in Nederland - RD Advocaten<\/title>\n<meta name=\"robots\" content=\"index, follow, max-snippet:-1, max-image-preview:large, max-video-preview:-1\" \/>\n<link rel=\"canonical\" href=\"https:\/\/www.rdadvocaten.nl\/tr\/vreemdelingenrecht\/regulier\/werken-in-nederland\/\" \/>\n<meta property=\"og:locale\" content=\"tr_TR\" \/>\n<meta property=\"og:type\" content=\"article\" \/>\n<meta property=\"og:title\" content=\"Werken in Nederland - RD Advocaten\" \/>\n<meta property=\"og:url\" content=\"https:\/\/www.rdadvocaten.nl\/tr\/vreemdelingenrecht\/regulier\/werken-in-nederland\/\" \/>\n<meta property=\"og:site_name\" content=\"RD Advocaten\" \/>\n<meta property=\"article:modified_time\" content=\"2023-04-04T10:25:33+00:00\" \/>\n<meta name=\"twitter:card\" content=\"summary_large_image\" \/>\n<script type=\"application\/ld+json\" class=\"yoast-schema-graph\">{\"@context\":\"https:\\\/\\\/schema.org\",\"@graph\":[{\"@type\":\"WebPage\",\"@id\":\"https:\\\/\\\/www.rdadvocaten.nl\\\/vreemdelingenrecht\\\/regulier\\\/werken-in-nederland\\\/\",\"url\":\"https:\\\/\\\/www.rdadvocaten.nl\\\/vreemdelingenrecht\\\/regulier\\\/werken-in-nederland\\\/\",\"name\":\"Werken in Nederland - RD Advocaten\",\"isPartOf\":{\"@id\":\"https:\\\/\\\/www.rdadvocaten.nl\\\/#website\"},\"datePublished\":\"2023-03-21T09:46:16+00:00\",\"dateModified\":\"2023-04-04T10:25:33+00:00\",\"breadcrumb\":{\"@id\":\"https:\\\/\\\/www.rdadvocaten.nl\\\/vreemdelingenrecht\\\/regulier\\\/werken-in-nederland\\\/#breadcrumb\"},\"inLanguage\":\"tr\",\"potentialAction\":[{\"@type\":\"ReadAction\",\"target\":[\"https:\\\/\\\/www.rdadvocaten.nl\\\/vreemdelingenrecht\\\/regulier\\\/werken-in-nederland\\\/\"]}]},{\"@type\":\"BreadcrumbList\",\"@id\":\"https:\\\/\\\/www.rdadvocaten.nl\\\/vreemdelingenrecht\\\/regulier\\\/werken-in-nederland\\\/#breadcrumb\",\"itemListElement\":[{\"@type\":\"ListItem\",\"position\":1,\"name\":\"Home\",\"item\":\"https:\\\/\\\/www.rdadvocaten.nl\\\/\"},{\"@type\":\"ListItem\",\"position\":2,\"name\":\"Vreemdelingenrecht\",\"item\":\"https:\\\/\\\/www.rdadvocaten.nl\\\/vreemdelingenrecht\\\/\"},{\"@type\":\"ListItem\",\"position\":3,\"name\":\"Regulier\",\"item\":\"https:\\\/\\\/www.rdadvocaten.nl\\\/vreemdelingenrecht\\\/regulier\\\/\"},{\"@type\":\"ListItem\",\"position\":4,\"name\":\"Werken in Nederland\"}]},{\"@type\":\"WebSite\",\"@id\":\"https:\\\/\\\/www.rdadvocaten.nl\\\/#website\",\"url\":\"https:\\\/\\\/www.rdadvocaten.nl\\\/\",\"name\":\"RD Advocaten\",\"description\":\"\",\"potentialAction\":[{\"@type\":\"SearchAction\",\"target\":{\"@type\":\"EntryPoint\",\"urlTemplate\":\"https:\\\/\\\/www.rdadvocaten.nl\\\/?s={search_term_string}\"},\"query-input\":{\"@type\":\"PropertyValueSpecification\",\"valueRequired\":true,\"valueName\":\"search_term_string\"}}],\"inLanguage\":\"tr\"}]}<\/script>\n<!-- \/ Yoast SEO plugin. -->","yoast_head_json":{"title":"Werken in Nederland - RD Advocaten","robots":{"index":"index","follow":"follow","max-snippet":"max-snippet:-1","max-image-preview":"max-image-preview:large","max-video-preview":"max-video-preview:-1"},"canonical":"https:\/\/www.rdadvocaten.nl\/tr\/vreemdelingenrecht\/regulier\/werken-in-nederland\/","og_locale":"tr_TR","og_type":"article","og_title":"Werken in Nederland - RD Advocaten","og_url":"https:\/\/www.rdadvocaten.nl\/tr\/vreemdelingenrecht\/regulier\/werken-in-nederland\/","og_site_name":"RD Advocaten","article_modified_time":"2023-04-04T10:25:33+00:00","twitter_card":"summary_large_image","schema":{"@context":"https:\/\/schema.org","@graph":[{"@type":"WebPage","@id":"https:\/\/www.rdadvocaten.nl\/vreemdelingenrecht\/regulier\/werken-in-nederland\/","url":"https:\/\/www.rdadvocaten.nl\/vreemdelingenrecht\/regulier\/werken-in-nederland\/","name":"Werken in Nederland - RD Advocaten","isPartOf":{"@id":"https:\/\/www.rdadvocaten.nl\/#website"},"datePublished":"2023-03-21T09:46:16+00:00","dateModified":"2023-04-04T10:25:33+00:00","breadcrumb":{"@id":"https:\/\/www.rdadvocaten.nl\/vreemdelingenrecht\/regulier\/werken-in-nederland\/#breadcrumb"},"inLanguage":"tr","potentialAction":[{"@type":"ReadAction","target":["https:\/\/www.rdadvocaten.nl\/vreemdelingenrecht\/regulier\/werken-in-nederland\/"]}]},{"@type":"BreadcrumbList","@id":"https:\/\/www.rdadvocaten.nl\/vreemdelingenrecht\/regulier\/werken-in-nederland\/#breadcrumb","itemListElement":[{"@type":"ListItem","position":1,"name":"Home","item":"https:\/\/www.rdadvocaten.nl\/"},{"@type":"ListItem","position":2,"name":"Vreemdelingenrecht","item":"https:\/\/www.rdadvocaten.nl\/vreemdelingenrecht\/"},{"@type":"ListItem","position":3,"name":"Regulier","item":"https:\/\/www.rdadvocaten.nl\/vreemdelingenrecht\/regulier\/"},{"@type":"ListItem","position":4,"name":"Werken in Nederland"}]},{"@type":"WebSite","@id":"https:\/\/www.rdadvocaten.nl\/#website","url":"https:\/\/www.rdadvocaten.nl\/","name":"RD Advocaten","description":"","potentialAction":[{"@type":"SearchAction","target":{"@type":"EntryPoint","urlTemplate":"https:\/\/www.rdadvocaten.nl\/?s={search_term_string}"},"query-input":{"@type":"PropertyValueSpecification","valueRequired":true,"valueName":"search_term_string"}}],"inLanguage":"tr"}]}},"_links":{"self":[{"href":"https:\/\/www.rdadvocaten.nl\/tr\/wp-json\/wp\/v2\/pages\/239","targetHints":{"allow":["GET"]}}],"collection":[{"href":"https:\/\/www.rdadvocaten.nl\/tr\/wp-json\/wp\/v2\/pages"}],"about":[{"href":"https:\/\/www.rdadvocaten.nl\/tr\/wp-json\/wp\/v2\/types\/page"}],"author":[{"embeddable":true,"href":"https:\/\/www.rdadvocaten.nl\/tr\/wp-json\/wp\/v2\/users\/1"}],"replies":[{"embeddable":true,"href":"https:\/\/www.rdadvocaten.nl\/tr\/wp-json\/wp\/v2\/comments?post=239"}],"version-history":[{"count":7,"href":"https:\/\/www.rdadvocaten.nl\/tr\/wp-json\/wp\/v2\/pages\/239\/revisions"}],"predecessor-version":[{"id":441,"href":"https:\/\/www.rdadvocaten.nl\/tr\/wp-json\/wp\/v2\/pages\/239\/revisions\/441"}],"up":[{"embeddable":true,"href":"https:\/\/www.rdadvocaten.nl\/tr\/wp-json\/wp\/v2\/pages\/94"}],"wp:attachment":[{"href":"https:\/\/www.rdadvocaten.nl\/tr\/wp-json\/wp\/v2\/media?parent=239"}],"curies":[{"name":"wp","href":"https:\/\/api.w.org\/{rel}","templated":true}]}}