{"id":243,"date":"2023-03-21T10:47:12","date_gmt":"2023-03-21T09:47:12","guid":{"rendered":"https:\/\/www.rdadvocaten.nl\/?page_id=243"},"modified":"2023-04-04T12:24:18","modified_gmt":"2023-04-04T10:24:18","slug":"gezinshereniging","status":"publish","type":"page","link":"https:\/\/www.rdadvocaten.nl\/tr\/vreemdelingenrecht\/regulier\/gezinshereniging\/","title":{"rendered":"Aile birle\u015fimi"},"content":{"rendered":"<section class=\"section\" id=\"section_1839798717\">\n\t\t<div class=\"bg section-bg fill bg-fill  bg-loaded\" >\n\n\t\t\t\n\t\t\t\n\t\t\t\n\n\t\t<\/div>\n\n\t\t\n\n\t\t<div class=\"section-content relative\">\n\t\t\t\n<div class=\"row row-collapse\"  id=\"row-1797647062\">\n\n\t<div id=\"col-734205672\" class=\"col small-12 large-12\"  >\n\t\t\t\t<div class=\"col-inner\"  >\n\t\t\t\n\t\t\t\n<div class=\"container section-title-container\" ><h1 class=\"section-title section-title-center\"><b><\/b><span class=\"section-title-main\" >Aile birle\u015fimi<\/span><b><\/b><\/h1><\/div>\n\t\t<\/div>\n\t\t\t\t\t<\/div>\n\n\t\n<\/div>\n<div class=\"row align-middle\"  id=\"row-1431022333\">\n\n\t<div id=\"col-657953553\" class=\"col medium-6 small-12 large-6\"  >\n\t\t\t\t<div class=\"col-inner\"  >\n\t\t\t\n\t\t\t\n\t<div class=\"img has-hover x md-x lg-x y md-y lg-y\" id=\"image_1395617665\">\n\t\t\t\t\t\t\t\t<div class=\"img-inner dark\" >\n\t\t\t<img loading=\"lazy\" decoding=\"async\" width=\"1000\" height=\"667\" src=\"https:\/\/www.rdadvocaten.nl\/wp-content\/uploads\/2023\/04\/gezin.jpg\" class=\"attachment-large size-large\" alt=\"\" srcset=\"https:\/\/www.rdadvocaten.nl\/wp-content\/uploads\/2023\/04\/gezin.jpg 1000w, https:\/\/www.rdadvocaten.nl\/wp-content\/uploads\/2023\/04\/gezin-300x200.jpg 300w, https:\/\/www.rdadvocaten.nl\/wp-content\/uploads\/2023\/04\/gezin-768x512.jpg 768w, https:\/\/www.rdadvocaten.nl\/wp-content\/uploads\/2023\/04\/gezin-18x12.jpg 18w\" sizes=\"auto, (max-width: 1000px) 100vw, 1000px\" \/>\t\t\t\t\t\t\n\t\t\t\t\t<\/div>\n\t\t\t\t\t\t\t\t\n<style>\n#image_1395617665 {\n  width: 100%;\n}\n<\/style>\n\t<\/div>\n\t\n\t\t<\/div>\n\t\t\t\t\t<\/div>\n\n\t\n\n\t<div id=\"col-345199353\" class=\"col medium-6 small-12 large-6\"  >\n\t\t\t\t<div class=\"col-inner\"  >\n\t\t\t\n\t\t\t\n<p>Aile \u00fcyeleriyle yeniden bir araya gelmenin bir\u00e7ok farkl\u0131 yolu vard\u0131r. Durumunuza ba\u011fl\u0131 olarak kurallar\nfarkl\u0131l\u0131k g\u00f6sterir. \u00d6rne\u011fin, a\u015fa\u011f\u0131daki uyruklar ve durumlar i\u00e7in farkl\u0131 prosed\u00fcrleriniz vard\u0131r:<\/p>\n<ul>\n<li>Birlik vatanda\u015flar\u0131 (bir AB\/AEA \u00dcye Devleti veya \u0130svi\u00e7re vatanda\u015f\u0131)<\/li>\n<li>Sendika \u00fcyesi olmayan vatanda\u015flar (\u00fc\u00e7\u00fcnc\u00fc \u00fclke vatanda\u015flar\u0131)<\/li>\n<li>Hollanda vatanda\u015flar\u0131<\/li>\n<li>T\u00fcrk vatanda\u015fl\u0131\u011f\u0131<\/li>\n<li>(Y\u00fcksek Vas\u0131fl\u0131) G\u00f6\u00e7men \u0130\u015f\u00e7iler<\/li>\n<li>S\u0131\u011f\u0131nmac\u0131lar i\u00e7in aile birle\u015fimi (Nareis)<\/li>\n<\/ul>\n\t\t<\/div>\n\t\t\t\t\t<\/div>\n\n\t\n<\/div>\n<div class=\"row align-middle\"  id=\"row-569701663\">\n\n\t<div id=\"col-1276278136\" class=\"col medium-6 small-12 large-6\"  >\n\t\t\t\t<div class=\"col-inner\"  >\n\t\t\t\n\t\t\t\n<p>Yasal \u00e7er\u00e7eveler ve dolay\u0131s\u0131yla prosed\u00fcrler her kategori i\u00e7in farkl\u0131l\u0131k g\u00f6stermektedir. \u00d6rne\u011fin,\nVatanda\u015fl\u0131k Direktifi Birlik vatanda\u015flar\u0131 ve Birlik vatanda\u015flar\u0131n\u0131n \u00fc\u00e7\u00fcnc\u00fc \u00fclke aile \u00fcyeleri i\u00e7in ge\u00e7erlidir\n(RI 2004\/38). T\u00fcrk i\u015f\u00e7iler ise T\u00fcrkiye Ortakl\u0131k Anla\u015fmas\u0131&#039;na ( Ankara Anla\u015fmas\u0131) dayanabilirler. Aile\nBirle\u015fimi Direktifi \u00fc\u00e7\u00fcnc\u00fc \u00fclke vatanda\u015flar\u0131 ve Hollanda vatanda\u015flar\u0131n\u0131n \u00fc\u00e7\u00fcnc\u00fc \u00fclke aile fertleri i\u00e7in\nge\u00e7erlidir. A\u0130HS Madde 8 de uygulanabilir. A\u0130HS Madde 8 i\u015flemleri \u00e7ok karma\u015f\u0131k olabilir. Bir avukat\nsize bu konuda rehberlik edebilir.<\/p>\n<p class=\"translation-block\">S\u0131\u011f\u0131nmac\u0131lar i\u00e7in aile birle\u015fimi (Nareis), koruyucu \u00e7ocuklar, evlat edinilen \u00e7ocuklar ve \u00f6rne\u011fin \u00fc\u00e7\u00fcnc\u00fc\n\u00fclke vatanda\u015flar\u0131n\u0131n Hollandal\u0131 \u00e7ocuklar\u0131 (Chavez-Vilchez) s\u00f6z konusu oldu\u011funda farkl\u0131 prosed\u00fcrler\nvard\u0131r.<\/p>\n<p>Ailenizle veya akrabalar\u0131n\u0131zla yeniden bir araya gelmek i\u00e7in hangi prosed\u00fcr\u00fc izlemeniz gerekti\u011fini\n\u00f6\u011frenmek i\u00e7in bizimle ileti\u015fime ge\u00e7menizi tavsiye ederiz.<\/p>\n<a href=\"tel:+31762050810\" target=\"_self\" class=\"button primary lowercase\"  >\n  <i class=\"icon-phone\" aria-hidden=\"true\" ><\/i>  <span>+31 (0)76 205 0810<\/span>\n  <\/a>\n\n\n<a href=\"mailto:info@rdadvocaten.nl\" target=\"_self\" class=\"button primary lowercase\"  >\n  <i class=\"icon-envelop\" aria-hidden=\"true\" ><\/i>  <span>info@rdadvocaten.nl<\/span>\n  <\/a>\n\n\t\t<\/div>\n\t\t\t\t\t<\/div>\n\n\t\n\n\t<div id=\"col-1322850450\" class=\"col medium-6 small-12 large-6 small-col-first\"  >\n\t\t\t\t<div class=\"col-inner\"  >\n\t\t\t\n\t\t\t\n\t<div class=\"img has-hover x md-x lg-x y md-y lg-y\" id=\"image_423764538\">\n\t\t\t\t\t\t\t\t<div class=\"img-inner dark\" >\n\t\t\t<img loading=\"lazy\" decoding=\"async\" width=\"1000\" height=\"667\" src=\"https:\/\/www.rdadvocaten.nl\/wp-content\/uploads\/2023\/04\/bureau.jpg\" class=\"attachment-large size-large\" alt=\"\" srcset=\"https:\/\/www.rdadvocaten.nl\/wp-content\/uploads\/2023\/04\/bureau.jpg 1000w, https:\/\/www.rdadvocaten.nl\/wp-content\/uploads\/2023\/04\/bureau-300x200.jpg 300w, https:\/\/www.rdadvocaten.nl\/wp-content\/uploads\/2023\/04\/bureau-768x512.jpg 768w, https:\/\/www.rdadvocaten.nl\/wp-content\/uploads\/2023\/04\/bureau-18x12.jpg 18w\" sizes=\"auto, (max-width: 1000px) 100vw, 1000px\" \/>\t\t\t\t\t\t\n\t\t\t\t\t<\/div>\n\t\t\t\t\t\t\t\t\n<style>\n#image_423764538 {\n  width: 100%;\n}\n<\/style>\n\t<\/div>\n\t\n\t\t<\/div>\n\t\t\t\t\t<\/div>\n\n\t\n<\/div>\n\t\t<\/div>\n\n\t\t\n<style>\n#section_1839798717 {\n  padding-top: 30px;\n  padding-bottom: 30px;\n}\n#section_1839798717 .ux-shape-divider--top svg {\n  height: 150px;\n  --divider-top-width: 100%;\n}\n#section_1839798717 .ux-shape-divider--bottom svg {\n  height: 150px;\n  --divider-width: 100%;\n}\n<\/style>\n\t<\/section>","protected":false},"excerpt":{"rendered":"","protected":false},"author":1,"featured_media":0,"parent":94,"menu_order":0,"comment_status":"closed","ping_status":"closed","template":"page-blank.php","meta":{"footnotes":""},"class_list":["post-243","page","type-page","status-publish","hentry"],"yoast_head":"<!-- This site is optimized with the Yoast SEO plugin v27.4 - https:\/\/yoast.com\/product\/yoast-seo-wordpress\/ -->\n<title>Gezinshereniging - RD Advocaten<\/title>\n<meta name=\"robots\" content=\"index, follow, max-snippet:-1, max-image-preview:large, max-video-preview:-1\" \/>\n<link rel=\"canonical\" href=\"https:\/\/www.rdadvocaten.nl\/tr\/vreemdelingenrecht\/regulier\/gezinshereniging\/\" \/>\n<meta property=\"og:locale\" content=\"tr_TR\" \/>\n<meta property=\"og:type\" content=\"article\" \/>\n<meta property=\"og:title\" content=\"Gezinshereniging - RD Advocaten\" \/>\n<meta property=\"og:url\" content=\"https:\/\/www.rdadvocaten.nl\/tr\/vreemdelingenrecht\/regulier\/gezinshereniging\/\" \/>\n<meta property=\"og:site_name\" content=\"RD Advocaten\" \/>\n<meta property=\"article:modified_time\" content=\"2023-04-04T10:24:18+00:00\" \/>\n<meta name=\"twitter:card\" content=\"summary_large_image\" \/>\n<script type=\"application\/ld+json\" class=\"yoast-schema-graph\">{\"@context\":\"https:\\\/\\\/schema.org\",\"@graph\":[{\"@type\":\"WebPage\",\"@id\":\"https:\\\/\\\/www.rdadvocaten.nl\\\/vreemdelingenrecht\\\/regulier\\\/gezinshereniging\\\/\",\"url\":\"https:\\\/\\\/www.rdadvocaten.nl\\\/vreemdelingenrecht\\\/regulier\\\/gezinshereniging\\\/\",\"name\":\"Gezinshereniging - RD Advocaten\",\"isPartOf\":{\"@id\":\"https:\\\/\\\/www.rdadvocaten.nl\\\/#website\"},\"datePublished\":\"2023-03-21T09:47:12+00:00\",\"dateModified\":\"2023-04-04T10:24:18+00:00\",\"breadcrumb\":{\"@id\":\"https:\\\/\\\/www.rdadvocaten.nl\\\/vreemdelingenrecht\\\/regulier\\\/gezinshereniging\\\/#breadcrumb\"},\"inLanguage\":\"tr\",\"potentialAction\":[{\"@type\":\"ReadAction\",\"target\":[\"https:\\\/\\\/www.rdadvocaten.nl\\\/vreemdelingenrecht\\\/regulier\\\/gezinshereniging\\\/\"]}]},{\"@type\":\"BreadcrumbList\",\"@id\":\"https:\\\/\\\/www.rdadvocaten.nl\\\/vreemdelingenrecht\\\/regulier\\\/gezinshereniging\\\/#breadcrumb\",\"itemListElement\":[{\"@type\":\"ListItem\",\"position\":1,\"name\":\"Home\",\"item\":\"https:\\\/\\\/www.rdadvocaten.nl\\\/\"},{\"@type\":\"ListItem\",\"position\":2,\"name\":\"Vreemdelingenrecht\",\"item\":\"https:\\\/\\\/www.rdadvocaten.nl\\\/vreemdelingenrecht\\\/\"},{\"@type\":\"ListItem\",\"position\":3,\"name\":\"Regulier\",\"item\":\"https:\\\/\\\/www.rdadvocaten.nl\\\/vreemdelingenrecht\\\/regulier\\\/\"},{\"@type\":\"ListItem\",\"position\":4,\"name\":\"Gezinshereniging\"}]},{\"@type\":\"WebSite\",\"@id\":\"https:\\\/\\\/www.rdadvocaten.nl\\\/#website\",\"url\":\"https:\\\/\\\/www.rdadvocaten.nl\\\/\",\"name\":\"RD Advocaten\",\"description\":\"\",\"potentialAction\":[{\"@type\":\"SearchAction\",\"target\":{\"@type\":\"EntryPoint\",\"urlTemplate\":\"https:\\\/\\\/www.rdadvocaten.nl\\\/?s={search_term_string}\"},\"query-input\":{\"@type\":\"PropertyValueSpecification\",\"valueRequired\":true,\"valueName\":\"search_term_string\"}}],\"inLanguage\":\"tr\"}]}<\/script>\n<!-- \/ Yoast SEO plugin. -->","yoast_head_json":{"title":"Gezinshereniging - RD Advocaten","robots":{"index":"index","follow":"follow","max-snippet":"max-snippet:-1","max-image-preview":"max-image-preview:large","max-video-preview":"max-video-preview:-1"},"canonical":"https:\/\/www.rdadvocaten.nl\/tr\/vreemdelingenrecht\/regulier\/gezinshereniging\/","og_locale":"tr_TR","og_type":"article","og_title":"Gezinshereniging - RD Advocaten","og_url":"https:\/\/www.rdadvocaten.nl\/tr\/vreemdelingenrecht\/regulier\/gezinshereniging\/","og_site_name":"RD Advocaten","article_modified_time":"2023-04-04T10:24:18+00:00","twitter_card":"summary_large_image","schema":{"@context":"https:\/\/schema.org","@graph":[{"@type":"WebPage","@id":"https:\/\/www.rdadvocaten.nl\/vreemdelingenrecht\/regulier\/gezinshereniging\/","url":"https:\/\/www.rdadvocaten.nl\/vreemdelingenrecht\/regulier\/gezinshereniging\/","name":"Gezinshereniging - RD Advocaten","isPartOf":{"@id":"https:\/\/www.rdadvocaten.nl\/#website"},"datePublished":"2023-03-21T09:47:12+00:00","dateModified":"2023-04-04T10:24:18+00:00","breadcrumb":{"@id":"https:\/\/www.rdadvocaten.nl\/vreemdelingenrecht\/regulier\/gezinshereniging\/#breadcrumb"},"inLanguage":"tr","potentialAction":[{"@type":"ReadAction","target":["https:\/\/www.rdadvocaten.nl\/vreemdelingenrecht\/regulier\/gezinshereniging\/"]}]},{"@type":"BreadcrumbList","@id":"https:\/\/www.rdadvocaten.nl\/vreemdelingenrecht\/regulier\/gezinshereniging\/#breadcrumb","itemListElement":[{"@type":"ListItem","position":1,"name":"Home","item":"https:\/\/www.rdadvocaten.nl\/"},{"@type":"ListItem","position":2,"name":"Vreemdelingenrecht","item":"https:\/\/www.rdadvocaten.nl\/vreemdelingenrecht\/"},{"@type":"ListItem","position":3,"name":"Regulier","item":"https:\/\/www.rdadvocaten.nl\/vreemdelingenrecht\/regulier\/"},{"@type":"ListItem","position":4,"name":"Gezinshereniging"}]},{"@type":"WebSite","@id":"https:\/\/www.rdadvocaten.nl\/#website","url":"https:\/\/www.rdadvocaten.nl\/","name":"RD Advocaten","description":"","potentialAction":[{"@type":"SearchAction","target":{"@type":"EntryPoint","urlTemplate":"https:\/\/www.rdadvocaten.nl\/?s={search_term_string}"},"query-input":{"@type":"PropertyValueSpecification","valueRequired":true,"valueName":"search_term_string"}}],"inLanguage":"tr"}]}},"_links":{"self":[{"href":"https:\/\/www.rdadvocaten.nl\/tr\/wp-json\/wp\/v2\/pages\/243","targetHints":{"allow":["GET"]}}],"collection":[{"href":"https:\/\/www.rdadvocaten.nl\/tr\/wp-json\/wp\/v2\/pages"}],"about":[{"href":"https:\/\/www.rdadvocaten.nl\/tr\/wp-json\/wp\/v2\/types\/page"}],"author":[{"embeddable":true,"href":"https:\/\/www.rdadvocaten.nl\/tr\/wp-json\/wp\/v2\/users\/1"}],"replies":[{"embeddable":true,"href":"https:\/\/www.rdadvocaten.nl\/tr\/wp-json\/wp\/v2\/comments?post=243"}],"version-history":[{"count":9,"href":"https:\/\/www.rdadvocaten.nl\/tr\/wp-json\/wp\/v2\/pages\/243\/revisions"}],"predecessor-version":[{"id":440,"href":"https:\/\/www.rdadvocaten.nl\/tr\/wp-json\/wp\/v2\/pages\/243\/revisions\/440"}],"up":[{"embeddable":true,"href":"https:\/\/www.rdadvocaten.nl\/tr\/wp-json\/wp\/v2\/pages\/94"}],"wp:attachment":[{"href":"https:\/\/www.rdadvocaten.nl\/tr\/wp-json\/wp\/v2\/media?parent=243"}],"curies":[{"name":"wp","href":"https:\/\/api.w.org\/{rel}","templated":true}]}}