{"id":25,"date":"2023-03-16T08:07:17","date_gmt":"2023-03-16T07:07:17","guid":{"rendered":"https:\/\/www.rdadvocaten.nl\/?page_id=25"},"modified":"2023-04-03T17:24:07","modified_gmt":"2023-04-03T15:24:07","slug":"diefstal-heling","status":"publish","type":"page","link":"https:\/\/www.rdadvocaten.nl\/tr\/strafrecht\/diefstal-heling\/","title":{"rendered":"H\u0131rs\u0131zl\u0131k \/ Ka\u00e7\u0131rma"},"content":{"rendered":"<section class=\"section\" id=\"section_399632297\">\n\t\t<div class=\"bg section-bg fill bg-fill  bg-loaded\" >\n\n\t\t\t\n\t\t\t\n\t\t\t\n\n\t\t<\/div>\n\n\t\t\n\n\t\t<div class=\"section-content relative\">\n\t\t\t\n<div class=\"row\"  id=\"row-661710454\">\n\n\t<div id=\"col-1277863625\" class=\"col small-12 large-12\"  >\n\t\t\t\t<div class=\"col-inner\"  >\n\t\t\t\n\t\t\t\n<div class=\"container section-title-container\" ><h1 class=\"section-title section-title-center\"><b><\/b><span class=\"section-title-main\" >H\u0131rs\u0131zl\u0131k \/ Ka\u00e7\u0131rma<\/span><b><\/b><\/h1><\/div>\n\t\t<\/div>\n\t\t\t\t\t<\/div>\n\n\t\n\n\t<div id=\"col-1048654382\" class=\"col medium-6 small-12 large-6\"  >\n\t\t\t\t<div class=\"col-inner\"  >\n\t\t\t\n\t\t\t\n\t<div class=\"img has-hover x md-x lg-x y md-y lg-y\" id=\"image_1963948174\">\n\t\t\t\t\t\t\t\t<div class=\"img-inner dark\" >\n\t\t\t<img loading=\"lazy\" decoding=\"async\" width=\"1000\" height=\"667\" src=\"https:\/\/www.rdadvocaten.nl\/wp-content\/uploads\/2023\/04\/inbraak.jpg\" class=\"attachment-large size-large\" alt=\"\" srcset=\"https:\/\/www.rdadvocaten.nl\/wp-content\/uploads\/2023\/04\/inbraak.jpg 1000w, https:\/\/www.rdadvocaten.nl\/wp-content\/uploads\/2023\/04\/inbraak-300x200.jpg 300w, https:\/\/www.rdadvocaten.nl\/wp-content\/uploads\/2023\/04\/inbraak-768x512.jpg 768w, https:\/\/www.rdadvocaten.nl\/wp-content\/uploads\/2023\/04\/inbraak-18x12.jpg 18w\" sizes=\"auto, (max-width: 1000px) 100vw, 1000px\" \/>\t\t\t\t\t\t\n\t\t\t\t\t<\/div>\n\t\t\t\t\t\t\t\t\n<style>\n#image_1963948174 {\n  width: 100%;\n}\n<\/style>\n\t<\/div>\n\t\n\t\t<\/div>\n\t\t\t\t\t<\/div>\n\n\t\n\n\t<div id=\"col-2113306323\" class=\"col medium-6 small-12 large-6\"  >\n\t\t\t\t<div class=\"col-inner\"  >\n\t\t\t\n\t\t\t\n<h2>H\u0131rs\u0131zl\u0131k yapt\u0131\u011f\u0131n\u0131zdan veya \u00e7al\u0131nt\u0131 mal bulundurdu\u011funuzdan m\u0131 \u015f\u00fcpheleniyorsunuz?<\/h2>\n<p>'Basit' h\u0131rs\u0131zl\u0131kla ilgili bir \u015f\u00fcphe ger\u00e7ekten a\u00e7\u0131klama gerektirmez. Herkes bunun ne oldu\u011funu, yani ba\u015fkas\u0131na ait bir mal\u0131 al\u0131p g\u00f6t\u00fcrmek oldu\u011funu bilir.  Bu, Hollanda Ceza Kanunu'nun 310. maddesi uyar\u0131nca cezaland\u0131r\u0131l\u0131r. Her biri kendi su\u00e7unu olu\u015fturan \u00e7e\u015fitli h\u0131rs\u0131zl\u0131k dereceleri vard\u0131r. Ev ve d\u00fckkan soygunlar\u0131 ve ayr\u0131ca gasp gibi yayg\u0131n \u015f\u00fcpheler '\u015fiddet kullanarak h\u0131rs\u0131zl\u0131k' olarak nitelendirilir. Bunlar daha sonra \u015fiddetle birlikte i\u015flenmi\u015f bir h\u0131rs\u0131zl\u0131\u011f\u0131 i\u00e7eren \u015f\u00fcphelerdir. Bu olaydaki rol\u00fcn\u00fcz - kan\u0131tland\u0131\u011f\u0131 takdirde - nihai cezay\u0131 etkileyebilir. RAMNUN &amp; DEN\u0130Z Advocaten bu t\u00fcr \u015f\u00fcpheler\/davalar konusunda olduk\u00e7a deneyimlidir. Bu nedenle, b\u00f6yle bir \u015f\u00fcphe durumunda firmam\u0131zla zaman\u0131nda ileti\u015fime ge\u00e7meniz ak\u0131ll\u0131ca olacakt\u0131r.<\/p>\n<a href=\"tel:+31762050810\" target=\"_self\" class=\"button primary lowercase\"  >\n  <i class=\"icon-phone\" aria-hidden=\"true\" ><\/i>  <span>+31 (0)76 205 0810<\/span>\n  <\/a>\n\n\n<a href=\"mailto:info@rdadvocaten.nl\" target=\"_self\" class=\"button primary lowercase\"  >\n  <i class=\"icon-envelop\" aria-hidden=\"true\" ><\/i>  <span>info@rdadvocaten.nl<\/span>\n  <\/a>\n\n\t\t<\/div>\n\t\t\t\t\t<\/div>\n\n\t\n<\/div>\n\t\t<\/div>\n\n\t\t\n<style>\n#section_399632297 {\n  padding-top: 30px;\n  padding-bottom: 30px;\n}\n#section_399632297 .ux-shape-divider--top svg {\n  height: 150px;\n  --divider-top-width: 100%;\n}\n#section_399632297 .ux-shape-divider--bottom svg {\n  height: 150px;\n  --divider-width: 100%;\n}\n<\/style>\n\t<\/section>","protected":false},"excerpt":{"rendered":"","protected":false},"author":1,"featured_media":0,"parent":23,"menu_order":0,"comment_status":"closed","ping_status":"closed","template":"page-blank.php","meta":{"footnotes":""},"class_list":["post-25","page","type-page","status-publish","hentry"],"yoast_head":"<!-- This site is optimized with the Yoast SEO plugin v27.5 - https:\/\/yoast.com\/product\/yoast-seo-wordpress\/ -->\n<title>Diefstal \/ Heling - RD Advocaten<\/title>\n<meta name=\"robots\" content=\"index, follow, max-snippet:-1, max-image-preview:large, max-video-preview:-1\" \/>\n<link rel=\"canonical\" href=\"https:\/\/www.rdadvocaten.nl\/tr\/strafrecht\/diefstal-heling\/\" \/>\n<meta property=\"og:locale\" content=\"tr_TR\" \/>\n<meta property=\"og:type\" content=\"article\" \/>\n<meta property=\"og:title\" content=\"Diefstal \/ Heling - RD Advocaten\" \/>\n<meta property=\"og:url\" content=\"https:\/\/www.rdadvocaten.nl\/tr\/strafrecht\/diefstal-heling\/\" \/>\n<meta property=\"og:site_name\" content=\"RD Advocaten\" \/>\n<meta property=\"article:modified_time\" content=\"2023-04-03T15:24:07+00:00\" \/>\n<meta name=\"twitter:card\" content=\"summary_large_image\" \/>\n<meta name=\"twitter:label1\" content=\"Tahmini okuma s\u00fcresi\" \/>\n\t<meta name=\"twitter:data1\" content=\"1 dakika\" \/>\n<script type=\"application\/ld+json\" class=\"yoast-schema-graph\">{\"@context\":\"https:\\\/\\\/schema.org\",\"@graph\":[{\"@type\":\"WebPage\",\"@id\":\"https:\\\/\\\/www.rdadvocaten.nl\\\/strafrecht\\\/diefstal-heling\\\/\",\"url\":\"https:\\\/\\\/www.rdadvocaten.nl\\\/strafrecht\\\/diefstal-heling\\\/\",\"name\":\"Diefstal \\\/ Heling - RD Advocaten\",\"isPartOf\":{\"@id\":\"https:\\\/\\\/www.rdadvocaten.nl\\\/#website\"},\"datePublished\":\"2023-03-16T07:07:17+00:00\",\"dateModified\":\"2023-04-03T15:24:07+00:00\",\"breadcrumb\":{\"@id\":\"https:\\\/\\\/www.rdadvocaten.nl\\\/strafrecht\\\/diefstal-heling\\\/#breadcrumb\"},\"inLanguage\":\"tr\",\"potentialAction\":[{\"@type\":\"ReadAction\",\"target\":[\"https:\\\/\\\/www.rdadvocaten.nl\\\/strafrecht\\\/diefstal-heling\\\/\"]}]},{\"@type\":\"BreadcrumbList\",\"@id\":\"https:\\\/\\\/www.rdadvocaten.nl\\\/strafrecht\\\/diefstal-heling\\\/#breadcrumb\",\"itemListElement\":[{\"@type\":\"ListItem\",\"position\":1,\"name\":\"Home\",\"item\":\"https:\\\/\\\/www.rdadvocaten.nl\\\/\"},{\"@type\":\"ListItem\",\"position\":2,\"name\":\"Strafrecht\",\"item\":\"https:\\\/\\\/www.rdadvocaten.nl\\\/strafrecht\\\/\"},{\"@type\":\"ListItem\",\"position\":3,\"name\":\"Diefstal \\\/ Heling\"}]},{\"@type\":\"WebSite\",\"@id\":\"https:\\\/\\\/www.rdadvocaten.nl\\\/#website\",\"url\":\"https:\\\/\\\/www.rdadvocaten.nl\\\/\",\"name\":\"RD Advocaten\",\"description\":\"\",\"potentialAction\":[{\"@type\":\"SearchAction\",\"target\":{\"@type\":\"EntryPoint\",\"urlTemplate\":\"https:\\\/\\\/www.rdadvocaten.nl\\\/?s={search_term_string}\"},\"query-input\":{\"@type\":\"PropertyValueSpecification\",\"valueRequired\":true,\"valueName\":\"search_term_string\"}}],\"inLanguage\":\"tr\"}]}<\/script>\n<!-- \/ Yoast SEO plugin. -->","yoast_head_json":{"title":"Diefstal \/ Heling - RD Advocaten","robots":{"index":"index","follow":"follow","max-snippet":"max-snippet:-1","max-image-preview":"max-image-preview:large","max-video-preview":"max-video-preview:-1"},"canonical":"https:\/\/www.rdadvocaten.nl\/tr\/strafrecht\/diefstal-heling\/","og_locale":"tr_TR","og_type":"article","og_title":"Diefstal \/ Heling - RD Advocaten","og_url":"https:\/\/www.rdadvocaten.nl\/tr\/strafrecht\/diefstal-heling\/","og_site_name":"RD Advocaten","article_modified_time":"2023-04-03T15:24:07+00:00","twitter_card":"summary_large_image","twitter_misc":{"Tahmini okuma s\u00fcresi":"1 dakika"},"schema":{"@context":"https:\/\/schema.org","@graph":[{"@type":"WebPage","@id":"https:\/\/www.rdadvocaten.nl\/strafrecht\/diefstal-heling\/","url":"https:\/\/www.rdadvocaten.nl\/strafrecht\/diefstal-heling\/","name":"Diefstal \/ Heling - RD Advocaten","isPartOf":{"@id":"https:\/\/www.rdadvocaten.nl\/#website"},"datePublished":"2023-03-16T07:07:17+00:00","dateModified":"2023-04-03T15:24:07+00:00","breadcrumb":{"@id":"https:\/\/www.rdadvocaten.nl\/strafrecht\/diefstal-heling\/#breadcrumb"},"inLanguage":"tr","potentialAction":[{"@type":"ReadAction","target":["https:\/\/www.rdadvocaten.nl\/strafrecht\/diefstal-heling\/"]}]},{"@type":"BreadcrumbList","@id":"https:\/\/www.rdadvocaten.nl\/strafrecht\/diefstal-heling\/#breadcrumb","itemListElement":[{"@type":"ListItem","position":1,"name":"Home","item":"https:\/\/www.rdadvocaten.nl\/"},{"@type":"ListItem","position":2,"name":"Strafrecht","item":"https:\/\/www.rdadvocaten.nl\/strafrecht\/"},{"@type":"ListItem","position":3,"name":"Diefstal \/ Heling"}]},{"@type":"WebSite","@id":"https:\/\/www.rdadvocaten.nl\/#website","url":"https:\/\/www.rdadvocaten.nl\/","name":"RD Advocaten","description":"","potentialAction":[{"@type":"SearchAction","target":{"@type":"EntryPoint","urlTemplate":"https:\/\/www.rdadvocaten.nl\/?s={search_term_string}"},"query-input":{"@type":"PropertyValueSpecification","valueRequired":true,"valueName":"search_term_string"}}],"inLanguage":"tr"}]}},"_links":{"self":[{"href":"https:\/\/www.rdadvocaten.nl\/tr\/wp-json\/wp\/v2\/pages\/25","targetHints":{"allow":["GET"]}}],"collection":[{"href":"https:\/\/www.rdadvocaten.nl\/tr\/wp-json\/wp\/v2\/pages"}],"about":[{"href":"https:\/\/www.rdadvocaten.nl\/tr\/wp-json\/wp\/v2\/types\/page"}],"author":[{"embeddable":true,"href":"https:\/\/www.rdadvocaten.nl\/tr\/wp-json\/wp\/v2\/users\/1"}],"replies":[{"embeddable":true,"href":"https:\/\/www.rdadvocaten.nl\/tr\/wp-json\/wp\/v2\/comments?post=25"}],"version-history":[{"count":7,"href":"https:\/\/www.rdadvocaten.nl\/tr\/wp-json\/wp\/v2\/pages\/25\/revisions"}],"predecessor-version":[{"id":371,"href":"https:\/\/www.rdadvocaten.nl\/tr\/wp-json\/wp\/v2\/pages\/25\/revisions\/371"}],"up":[{"embeddable":true,"href":"https:\/\/www.rdadvocaten.nl\/tr\/wp-json\/wp\/v2\/pages\/23"}],"wp:attachment":[{"href":"https:\/\/www.rdadvocaten.nl\/tr\/wp-json\/wp\/v2\/media?parent=25"}],"curies":[{"name":"wp","href":"https:\/\/api.w.org\/{rel}","templated":true}]}}