{"id":46,"date":"2023-03-16T08:07:41","date_gmt":"2023-03-16T07:07:41","guid":{"rendered":"https:\/\/www.rdadvocaten.nl\/?page_id=46"},"modified":"2023-04-03T18:23:40","modified_gmt":"2023-04-03T16:23:40","slug":"mishandeling","status":"publish","type":"page","link":"https:\/\/www.rdadvocaten.nl\/tr\/strafrecht\/mishandeling\/","title":{"rendered":"Sald\u0131r\u0131"},"content":{"rendered":"<section class=\"section\" id=\"section_1455728772\">\n\t\t<div class=\"bg section-bg fill bg-fill  bg-loaded\" >\n\n\t\t\t\n\t\t\t\n\t\t\t\n\n\t\t<\/div>\n\n\t\t\n\n\t\t<div class=\"section-content relative\">\n\t\t\t\n<div class=\"row align-middle\"  id=\"row-1013277672\">\n\n\t<div id=\"col-1647423155\" class=\"col small-12 large-12\"  >\n\t\t\t\t<div class=\"col-inner\"  >\n\t\t\t\n\t\t\t\n<div class=\"container section-title-container\" ><h1 class=\"section-title section-title-center\"><b><\/b><span class=\"section-title-main\" >Sald\u0131r\u0131<\/span><b><\/b><\/h1><\/div>\n\t\t<\/div>\n\t\t\t\t\t<\/div>\n\n\t\n\n\t<div id=\"col-1080282635\" class=\"col medium-6 small-12 large-6\"  >\n\t\t\t\t<div class=\"col-inner\"  >\n\t\t\t\n\t\t\t\n\t<div class=\"img has-hover x md-x lg-x y md-y lg-y\" id=\"image_824455849\">\n\t\t\t\t\t\t\t\t<div class=\"img-inner image-cover dark\" style=\"padding-top:75%;\">\n\t\t\t<img loading=\"lazy\" decoding=\"async\" width=\"1000\" height=\"868\" src=\"https:\/\/www.rdadvocaten.nl\/wp-content\/uploads\/2023\/04\/mishandeling-1.jpg\" class=\"attachment-large size-large\" alt=\"\" srcset=\"https:\/\/www.rdadvocaten.nl\/wp-content\/uploads\/2023\/04\/mishandeling-1.jpg 1000w, https:\/\/www.rdadvocaten.nl\/wp-content\/uploads\/2023\/04\/mishandeling-1-300x260.jpg 300w, https:\/\/www.rdadvocaten.nl\/wp-content\/uploads\/2023\/04\/mishandeling-1-768x667.jpg 768w, https:\/\/www.rdadvocaten.nl\/wp-content\/uploads\/2023\/04\/mishandeling-1-14x12.jpg 14w\" sizes=\"auto, (max-width: 1000px) 100vw, 1000px\" \/>\t\t\t\t\t\t\n\t\t\t\t\t<\/div>\n\t\t\t\t\t\t\t\t\n<style>\n#image_824455849 {\n  width: 100%;\n}\n<\/style>\n\t<\/div>\n\t\n\t\t<\/div>\n\t\t\t\t\t<\/div>\n\n\t\n\n\t<div id=\"col-791858702\" class=\"col medium-6 small-12 large-6\"  >\n\t\t\t\t<div class=\"col-inner\"  >\n\t\t\t\n\t\t\t\n<p>\u015eiddet i\u00e7eren su\u00e7lar\u0131n cezaland\u0131r\u0131lmas\u0131 Hollanda Ceza Kanununun 300. Maddesinden itibaren yer almaktad\u0131r. Kanunun devam\u0131nda, a\u011f\u0131rla\u015ft\u0131r\u0131lm\u0131\u015f sald\u0131r\u0131 gibi daha ciddi varyantlar\u0131 bulacaks\u0131n\u0131z. Ayr\u0131ca, \u00f6rne\u011fin d\u0131\u015far\u0131 \u00e7\u0131karken veya futbol kar\u015f\u0131la\u015fmalar\u0131 s\u0131ras\u0131nda grup \u015fiddetinin meydana geldi\u011fi durumlar da olabilir. Bu t\u00fcr durumlar a\u00e7\u0131k \u015fiddet olarak adland\u0131r\u0131l\u0131r ve Ceza Kanunu'nun 141. Maddesinde ayr\u0131ca cezaland\u0131r\u0131l\u0131r. \u015eiddet i\u00e7eren bir su\u00e7 i\u015fledi\u011finizden \u015f\u00fcpheleniliyorsa, uzman bir avukata dan\u0131\u015fman\u0131z sizin yarar\u0131n\u0131za olacakt\u0131r.<\/p>\n<p>H\u0131zl\u0131 hareket ederek ve izlenecek strateji konusunda tavsiye alarak, mahkumiyet ihtimalinin oldu\u011fu durumlarda bile, ki\u015fisel ko\u015fullar\u0131n mahkemeye a\u00e7\u0131k\u00e7a sunulmas\u0131yla kazan\u0131mlar elde edilebilir. Bunu do\u011fru bir \u015fekilde kan\u0131tlayarak, mahkeme nihai cezay\u0131 verirken bunu dikkate alabilir.<\/p>\n<p>Kamusal \u015fiddet uygulad\u0131\u011f\u0131ndan \u015f\u00fcphelenilen ki\u015filer genellikle sadece orada bulunduklar\u0131 ve bu nedenle masum olduklar\u0131 yorumunu yaparlar. Bu t\u00fcr bir durumda bile yine de mahkum edilebilece\u011finizi unutmay\u0131n. Bu nedenle, RAMNUN &amp; DENIZ Advocaten ile zaman\u0131nda ileti\u015fime ge\u00e7in ve tavsiye al\u0131n.<\/p>\n<a href=\"tel:+31762050810\" target=\"_self\" class=\"button primary lowercase\"  >\n  <i class=\"icon-phone\" aria-hidden=\"true\" ><\/i>  <span>+31 (0)76 205 0810<\/span>\n  <\/a>\n\n\n<a href=\"mailto:info@rdadvocaten.nl\" target=\"_self\" class=\"button primary lowercase\"  >\n  <i class=\"icon-envelop\" aria-hidden=\"true\" ><\/i>  <span>info@rdadvocaten.nl<\/span>\n  <\/a>\n\n\t\t<\/div>\n\t\t\t\t\t<\/div>\n\n\t\n<\/div>\n\t\t<\/div>\n\n\t\t\n<style>\n#section_1455728772 {\n  padding-top: 30px;\n  padding-bottom: 30px;\n}\n#section_1455728772 .ux-shape-divider--top svg {\n  height: 150px;\n  --divider-top-width: 100%;\n}\n#section_1455728772 .ux-shape-divider--bottom svg {\n  height: 150px;\n  --divider-width: 100%;\n}\n<\/style>\n\t<\/section>","protected":false},"excerpt":{"rendered":"","protected":false},"author":1,"featured_media":0,"parent":23,"menu_order":0,"comment_status":"closed","ping_status":"closed","template":"page-blank.php","meta":{"footnotes":""},"class_list":["post-46","page","type-page","status-publish","hentry"],"yoast_head":"<!-- This site is optimized with the Yoast SEO plugin v27.5 - https:\/\/yoast.com\/product\/yoast-seo-wordpress\/ -->\n<title>Mishandeling - RD Advocaten<\/title>\n<meta name=\"robots\" content=\"index, follow, max-snippet:-1, max-image-preview:large, max-video-preview:-1\" \/>\n<link rel=\"canonical\" href=\"https:\/\/www.rdadvocaten.nl\/tr\/strafrecht\/mishandeling\/\" \/>\n<meta property=\"og:locale\" content=\"tr_TR\" \/>\n<meta property=\"og:type\" content=\"article\" \/>\n<meta property=\"og:title\" content=\"Mishandeling - RD Advocaten\" \/>\n<meta property=\"og:url\" content=\"https:\/\/www.rdadvocaten.nl\/tr\/strafrecht\/mishandeling\/\" \/>\n<meta property=\"og:site_name\" content=\"RD Advocaten\" \/>\n<meta property=\"article:modified_time\" content=\"2023-04-03T16:23:40+00:00\" \/>\n<meta name=\"twitter:card\" content=\"summary_large_image\" \/>\n<meta name=\"twitter:label1\" content=\"Tahmini okuma s\u00fcresi\" \/>\n\t<meta name=\"twitter:data1\" content=\"1 dakika\" \/>\n<script type=\"application\/ld+json\" class=\"yoast-schema-graph\">{\"@context\":\"https:\\\/\\\/schema.org\",\"@graph\":[{\"@type\":\"WebPage\",\"@id\":\"https:\\\/\\\/www.rdadvocaten.nl\\\/strafrecht\\\/mishandeling\\\/\",\"url\":\"https:\\\/\\\/www.rdadvocaten.nl\\\/strafrecht\\\/mishandeling\\\/\",\"name\":\"Mishandeling - RD Advocaten\",\"isPartOf\":{\"@id\":\"https:\\\/\\\/www.rdadvocaten.nl\\\/#website\"},\"datePublished\":\"2023-03-16T07:07:41+00:00\",\"dateModified\":\"2023-04-03T16:23:40+00:00\",\"breadcrumb\":{\"@id\":\"https:\\\/\\\/www.rdadvocaten.nl\\\/strafrecht\\\/mishandeling\\\/#breadcrumb\"},\"inLanguage\":\"tr\",\"potentialAction\":[{\"@type\":\"ReadAction\",\"target\":[\"https:\\\/\\\/www.rdadvocaten.nl\\\/strafrecht\\\/mishandeling\\\/\"]}]},{\"@type\":\"BreadcrumbList\",\"@id\":\"https:\\\/\\\/www.rdadvocaten.nl\\\/strafrecht\\\/mishandeling\\\/#breadcrumb\",\"itemListElement\":[{\"@type\":\"ListItem\",\"position\":1,\"name\":\"Home\",\"item\":\"https:\\\/\\\/www.rdadvocaten.nl\\\/\"},{\"@type\":\"ListItem\",\"position\":2,\"name\":\"Strafrecht\",\"item\":\"https:\\\/\\\/www.rdadvocaten.nl\\\/strafrecht\\\/\"},{\"@type\":\"ListItem\",\"position\":3,\"name\":\"Mishandeling\"}]},{\"@type\":\"WebSite\",\"@id\":\"https:\\\/\\\/www.rdadvocaten.nl\\\/#website\",\"url\":\"https:\\\/\\\/www.rdadvocaten.nl\\\/\",\"name\":\"RD Advocaten\",\"description\":\"\",\"potentialAction\":[{\"@type\":\"SearchAction\",\"target\":{\"@type\":\"EntryPoint\",\"urlTemplate\":\"https:\\\/\\\/www.rdadvocaten.nl\\\/?s={search_term_string}\"},\"query-input\":{\"@type\":\"PropertyValueSpecification\",\"valueRequired\":true,\"valueName\":\"search_term_string\"}}],\"inLanguage\":\"tr\"}]}<\/script>\n<!-- \/ Yoast SEO plugin. -->","yoast_head_json":{"title":"Mishandeling - RD Advocaten","robots":{"index":"index","follow":"follow","max-snippet":"max-snippet:-1","max-image-preview":"max-image-preview:large","max-video-preview":"max-video-preview:-1"},"canonical":"https:\/\/www.rdadvocaten.nl\/tr\/strafrecht\/mishandeling\/","og_locale":"tr_TR","og_type":"article","og_title":"Mishandeling - RD Advocaten","og_url":"https:\/\/www.rdadvocaten.nl\/tr\/strafrecht\/mishandeling\/","og_site_name":"RD Advocaten","article_modified_time":"2023-04-03T16:23:40+00:00","twitter_card":"summary_large_image","twitter_misc":{"Tahmini okuma s\u00fcresi":"1 dakika"},"schema":{"@context":"https:\/\/schema.org","@graph":[{"@type":"WebPage","@id":"https:\/\/www.rdadvocaten.nl\/strafrecht\/mishandeling\/","url":"https:\/\/www.rdadvocaten.nl\/strafrecht\/mishandeling\/","name":"Mishandeling - RD Advocaten","isPartOf":{"@id":"https:\/\/www.rdadvocaten.nl\/#website"},"datePublished":"2023-03-16T07:07:41+00:00","dateModified":"2023-04-03T16:23:40+00:00","breadcrumb":{"@id":"https:\/\/www.rdadvocaten.nl\/strafrecht\/mishandeling\/#breadcrumb"},"inLanguage":"tr","potentialAction":[{"@type":"ReadAction","target":["https:\/\/www.rdadvocaten.nl\/strafrecht\/mishandeling\/"]}]},{"@type":"BreadcrumbList","@id":"https:\/\/www.rdadvocaten.nl\/strafrecht\/mishandeling\/#breadcrumb","itemListElement":[{"@type":"ListItem","position":1,"name":"Home","item":"https:\/\/www.rdadvocaten.nl\/"},{"@type":"ListItem","position":2,"name":"Strafrecht","item":"https:\/\/www.rdadvocaten.nl\/strafrecht\/"},{"@type":"ListItem","position":3,"name":"Mishandeling"}]},{"@type":"WebSite","@id":"https:\/\/www.rdadvocaten.nl\/#website","url":"https:\/\/www.rdadvocaten.nl\/","name":"RD Advocaten","description":"","potentialAction":[{"@type":"SearchAction","target":{"@type":"EntryPoint","urlTemplate":"https:\/\/www.rdadvocaten.nl\/?s={search_term_string}"},"query-input":{"@type":"PropertyValueSpecification","valueRequired":true,"valueName":"search_term_string"}}],"inLanguage":"tr"}]}},"_links":{"self":[{"href":"https:\/\/www.rdadvocaten.nl\/tr\/wp-json\/wp\/v2\/pages\/46","targetHints":{"allow":["GET"]}}],"collection":[{"href":"https:\/\/www.rdadvocaten.nl\/tr\/wp-json\/wp\/v2\/pages"}],"about":[{"href":"https:\/\/www.rdadvocaten.nl\/tr\/wp-json\/wp\/v2\/types\/page"}],"author":[{"embeddable":true,"href":"https:\/\/www.rdadvocaten.nl\/tr\/wp-json\/wp\/v2\/users\/1"}],"replies":[{"embeddable":true,"href":"https:\/\/www.rdadvocaten.nl\/tr\/wp-json\/wp\/v2\/comments?post=46"}],"version-history":[{"count":5,"href":"https:\/\/www.rdadvocaten.nl\/tr\/wp-json\/wp\/v2\/pages\/46\/revisions"}],"predecessor-version":[{"id":421,"href":"https:\/\/www.rdadvocaten.nl\/tr\/wp-json\/wp\/v2\/pages\/46\/revisions\/421"}],"up":[{"embeddable":true,"href":"https:\/\/www.rdadvocaten.nl\/tr\/wp-json\/wp\/v2\/pages\/23"}],"wp:attachment":[{"href":"https:\/\/www.rdadvocaten.nl\/tr\/wp-json\/wp\/v2\/media?parent=46"}],"curies":[{"name":"wp","href":"https:\/\/api.w.org\/{rel}","templated":true}]}}