{"id":52,"date":"2023-03-16T08:09:18","date_gmt":"2023-03-16T07:09:18","guid":{"rendered":"https:\/\/www.rdadvocaten.nl\/?page_id=52"},"modified":"2023-04-03T17:20:11","modified_gmt":"2023-04-03T15:20:11","slug":"drugs-opiumwet","status":"publish","type":"page","link":"https:\/\/www.rdadvocaten.nl\/tr\/strafrecht\/drugs-opiumwet\/","title":{"rendered":"Uyu\u015fturucu (Hollanda Afyon Yasas\u0131)"},"content":{"rendered":"<section class=\"section\" id=\"section_722430640\">\n\t\t<div class=\"bg section-bg fill bg-fill  bg-loaded\" >\n\n\t\t\t\n\t\t\t\n\t\t\t\n\n\t\t<\/div>\n\n\t\t\n\n\t\t<div class=\"section-content relative\">\n\t\t\t\n<div class=\"row align-middle\"  id=\"row-1079822962\">\n\n\t<div id=\"col-1026034914\" class=\"col small-12 large-12\"  >\n\t\t\t\t<div class=\"col-inner\"  >\n\t\t\t\n\t\t\t\n<div class=\"container section-title-container\" ><h1 class=\"section-title section-title-center\"><b><\/b><span class=\"section-title-main\" >Uyu\u015fturucu (Hollanda Afyon Yasas\u0131)<\/span><b><\/b><\/h1><\/div>\n\t\t<\/div>\n\t\t\t\t\t<\/div>\n\n\t\n\n\t<div id=\"col-623741481\" class=\"col medium-6 small-12 large-6\"  >\n\t\t\t\t<div class=\"col-inner\"  >\n\t\t\t\n\t\t\t\n\t<div class=\"img has-hover x md-x lg-x y md-y lg-y\" id=\"image_901145664\">\n\t\t\t\t\t\t\t\t<div class=\"img-inner dark\" >\n\t\t\t<img loading=\"lazy\" decoding=\"async\" width=\"1000\" height=\"853\" src=\"https:\/\/www.rdadvocaten.nl\/wp-content\/uploads\/2023\/04\/drugs-2.jpg\" class=\"attachment-large size-large\" alt=\"\" srcset=\"https:\/\/www.rdadvocaten.nl\/wp-content\/uploads\/2023\/04\/drugs-2.jpg 1000w, https:\/\/www.rdadvocaten.nl\/wp-content\/uploads\/2023\/04\/drugs-2-300x256.jpg 300w, https:\/\/www.rdadvocaten.nl\/wp-content\/uploads\/2023\/04\/drugs-2-768x655.jpg 768w, https:\/\/www.rdadvocaten.nl\/wp-content\/uploads\/2023\/04\/drugs-2-14x12.jpg 14w\" sizes=\"auto, (max-width: 1000px) 100vw, 1000px\" \/>\t\t\t\t\t\t\n\t\t\t\t\t<\/div>\n\t\t\t\t\t\t\t\t\n<style>\n#image_901145664 {\n  width: 100%;\n}\n<\/style>\n\t<\/div>\n\t\n\t\t<\/div>\n\t\t\t\t\t<\/div>\n\n\t\n\n\t<div id=\"col-747120753\" class=\"col medium-6 small-12 large-6\"  >\n\t\t\t\t<div class=\"col-inner\"  >\n\t\t\t\n\t\t\t\n<h2>Uyu\u015fturucu madde bulundurmak veya ticaretini yapmaktan dolay\u0131 tutukland\u0131n\u0131z m\u0131?<\/h2>\n<p>Ya da uyu\u015fturucu bulundurmak veya ticaretini yapmakla ba\u011flant\u0131l\u0131 olarak tutukland\u0131n\u0131z m\u0131? Evinizde veya i\u015f yerinizde kenevir fidanl\u0131\u011f\u0131 veya uyu\u015fturucu laboratuvar\u0131 bulundu mu? Bu t\u00fcr su\u00e7lar Hollanda Afyon Yasas\u0131 kapsam\u0131nda cezaland\u0131r\u0131l\u0131r. Bu alanda bilgili bir ceza avukat\u0131 tutman\u0131z tavsiye edilir. \u00c7\u0131karlar\u0131n\u0131z\u0131 savunmak i\u00e7in zaman\u0131nda bir avukatla anla\u015fmak \u00f6nemlidir \u00e7\u00fcnk\u00fc (yasal) konumunuz ve izlenecek olas\u0131 strateji hakk\u0131nda sizi do\u011fru \u015fekilde bilgilendirebilir.<\/p>\n\t\t<\/div>\n\t\t\t\t\t<\/div>\n\n\t\n<\/div>\n<div class=\"row align-middle\"  id=\"row-313518695\">\n\n\t<div id=\"col-1467890295\" class=\"col medium-6 small-12 large-6\"  >\n\t\t\t\t<div class=\"col-inner\"  >\n\t\t\t\n\t\t\t\n<p>(B\u00fcy\u00fck miktarlarda) uyu\u015fturucu ithal etti\u011finizden veya \u00fcretti\u011finizden mi \u015f\u00fcpheleniliyor? Savc\u0131l\u0131k taraf\u0131ndan k\u0131r\u0131lan \u015fifreleme hizmetlerinin bir sonucu olarak m\u0131 tutukland\u0131n\u0131z? O zaman bu gibi durumlarda savc\u0131l\u0131\u011f\u0131n \u00e7o\u011fu zaman sizin bir su\u00e7 \u00f6rg\u00fct\u00fcne kat\u0131ld\u0131\u011f\u0131n\u0131zdan da \u015f\u00fcphelendi\u011fini unutmay\u0131n.<\/p>\n<p>Bu \u00f6rg\u00fcte kat\u0131lmak Hollanda Ceza Kanunu'nun 140. maddesi uyar\u0131nca ayr\u0131ca cezaland\u0131r\u0131l\u0131r ve cezai olarak a\u011f\u0131rla\u015ft\u0131r\u0131l\u0131r. Bu t\u00fcr durumlarda, gizli dan\u0131\u015fmanl\u0131k i\u00e7in her zaman RAMNUN &amp; DEN\u0130Z Advocaten ile ileti\u015fime ge\u00e7in.<\/p>\n<a href=\"tel:+31762050810\" target=\"_self\" class=\"button primary lowercase\"  >\n  <i class=\"icon-phone\" aria-hidden=\"true\" ><\/i>  <span>+31 (0)76 205 0810<\/span>\n  <\/a>\n\n\n<a href=\"mailto:info@rdadvocaten.nl\" target=\"_self\" class=\"button primary lowercase\"  >\n  <i class=\"icon-envelop\" aria-hidden=\"true\" ><\/i>  <span>info@rdadvocaten.nl<\/span>\n  <\/a>\n\n\t\t<\/div>\n\t\t\t\t\t<\/div>\n\n\t\n\n\t<div id=\"col-563349807\" class=\"col medium-6 small-12 large-6 small-col-first\"  >\n\t\t\t\t<div class=\"col-inner\"  >\n\t\t\t\n\t\t\t\n\t<div class=\"img has-hover x md-x lg-x y md-y lg-y\" id=\"image_1406865449\">\n\t\t\t\t\t\t\t\t<div class=\"img-inner dark\" >\n\t\t\t<img loading=\"lazy\" decoding=\"async\" width=\"1000\" height=\"668\" src=\"https:\/\/www.rdadvocaten.nl\/wp-content\/uploads\/2023\/04\/drugs-3.jpg\" class=\"attachment-large size-large\" alt=\"\" srcset=\"https:\/\/www.rdadvocaten.nl\/wp-content\/uploads\/2023\/04\/drugs-3.jpg 1000w, https:\/\/www.rdadvocaten.nl\/wp-content\/uploads\/2023\/04\/drugs-3-300x200.jpg 300w, https:\/\/www.rdadvocaten.nl\/wp-content\/uploads\/2023\/04\/drugs-3-768x513.jpg 768w, https:\/\/www.rdadvocaten.nl\/wp-content\/uploads\/2023\/04\/drugs-3-18x12.jpg 18w\" sizes=\"auto, (max-width: 1000px) 100vw, 1000px\" \/>\t\t\t\t\t\t\n\t\t\t\t\t<\/div>\n\t\t\t\t\t\t\t\t\n<style>\n#image_1406865449 {\n  width: 100%;\n}\n<\/style>\n\t<\/div>\n\t\n\t\t<\/div>\n\t\t\t\t\t<\/div>\n\n\t\n<\/div>\n\t\t<\/div>\n\n\t\t\n<style>\n#section_722430640 {\n  padding-top: 30px;\n  padding-bottom: 30px;\n}\n#section_722430640 .ux-shape-divider--top svg {\n  height: 150px;\n  --divider-top-width: 100%;\n}\n#section_722430640 .ux-shape-divider--bottom svg {\n  height: 150px;\n  --divider-width: 100%;\n}\n<\/style>\n\t<\/section>","protected":false},"excerpt":{"rendered":"","protected":false},"author":1,"featured_media":0,"parent":23,"menu_order":0,"comment_status":"closed","ping_status":"closed","template":"page-blank.php","meta":{"footnotes":""},"class_list":["post-52","page","type-page","status-publish","hentry"],"yoast_head":"<!-- This site is optimized with the Yoast SEO plugin v27.5 - https:\/\/yoast.com\/product\/yoast-seo-wordpress\/ -->\n<title>Drugs (Opiumwet) - RD Advocaten<\/title>\n<meta name=\"robots\" content=\"index, follow, max-snippet:-1, max-image-preview:large, max-video-preview:-1\" \/>\n<link rel=\"canonical\" href=\"https:\/\/www.rdadvocaten.nl\/tr\/strafrecht\/drugs-opiumwet\/\" \/>\n<meta property=\"og:locale\" content=\"tr_TR\" \/>\n<meta property=\"og:type\" content=\"article\" \/>\n<meta property=\"og:title\" content=\"Drugs (Opiumwet) - RD Advocaten\" \/>\n<meta property=\"og:url\" content=\"https:\/\/www.rdadvocaten.nl\/tr\/strafrecht\/drugs-opiumwet\/\" \/>\n<meta property=\"og:site_name\" content=\"RD Advocaten\" \/>\n<meta property=\"article:modified_time\" content=\"2023-04-03T15:20:11+00:00\" \/>\n<meta name=\"twitter:card\" content=\"summary_large_image\" \/>\n<meta name=\"twitter:label1\" content=\"Tahmini okuma s\u00fcresi\" \/>\n\t<meta name=\"twitter:data1\" content=\"1 dakika\" \/>\n<script type=\"application\/ld+json\" class=\"yoast-schema-graph\">{\"@context\":\"https:\\\/\\\/schema.org\",\"@graph\":[{\"@type\":\"WebPage\",\"@id\":\"https:\\\/\\\/www.rdadvocaten.nl\\\/strafrecht\\\/drugs-opiumwet\\\/\",\"url\":\"https:\\\/\\\/www.rdadvocaten.nl\\\/strafrecht\\\/drugs-opiumwet\\\/\",\"name\":\"Drugs (Opiumwet) - RD Advocaten\",\"isPartOf\":{\"@id\":\"https:\\\/\\\/www.rdadvocaten.nl\\\/#website\"},\"datePublished\":\"2023-03-16T07:09:18+00:00\",\"dateModified\":\"2023-04-03T15:20:11+00:00\",\"breadcrumb\":{\"@id\":\"https:\\\/\\\/www.rdadvocaten.nl\\\/strafrecht\\\/drugs-opiumwet\\\/#breadcrumb\"},\"inLanguage\":\"tr\",\"potentialAction\":[{\"@type\":\"ReadAction\",\"target\":[\"https:\\\/\\\/www.rdadvocaten.nl\\\/strafrecht\\\/drugs-opiumwet\\\/\"]}]},{\"@type\":\"BreadcrumbList\",\"@id\":\"https:\\\/\\\/www.rdadvocaten.nl\\\/strafrecht\\\/drugs-opiumwet\\\/#breadcrumb\",\"itemListElement\":[{\"@type\":\"ListItem\",\"position\":1,\"name\":\"Home\",\"item\":\"https:\\\/\\\/www.rdadvocaten.nl\\\/\"},{\"@type\":\"ListItem\",\"position\":2,\"name\":\"Strafrecht\",\"item\":\"https:\\\/\\\/www.rdadvocaten.nl\\\/strafrecht\\\/\"},{\"@type\":\"ListItem\",\"position\":3,\"name\":\"Drugs (Opiumwet)\"}]},{\"@type\":\"WebSite\",\"@id\":\"https:\\\/\\\/www.rdadvocaten.nl\\\/#website\",\"url\":\"https:\\\/\\\/www.rdadvocaten.nl\\\/\",\"name\":\"RD Advocaten\",\"description\":\"\",\"potentialAction\":[{\"@type\":\"SearchAction\",\"target\":{\"@type\":\"EntryPoint\",\"urlTemplate\":\"https:\\\/\\\/www.rdadvocaten.nl\\\/?s={search_term_string}\"},\"query-input\":{\"@type\":\"PropertyValueSpecification\",\"valueRequired\":true,\"valueName\":\"search_term_string\"}}],\"inLanguage\":\"tr\"}]}<\/script>\n<!-- \/ Yoast SEO plugin. -->","yoast_head_json":{"title":"Drugs (Opiumwet) - RD Advocaten","robots":{"index":"index","follow":"follow","max-snippet":"max-snippet:-1","max-image-preview":"max-image-preview:large","max-video-preview":"max-video-preview:-1"},"canonical":"https:\/\/www.rdadvocaten.nl\/tr\/strafrecht\/drugs-opiumwet\/","og_locale":"tr_TR","og_type":"article","og_title":"Drugs (Opiumwet) - RD Advocaten","og_url":"https:\/\/www.rdadvocaten.nl\/tr\/strafrecht\/drugs-opiumwet\/","og_site_name":"RD Advocaten","article_modified_time":"2023-04-03T15:20:11+00:00","twitter_card":"summary_large_image","twitter_misc":{"Tahmini okuma s\u00fcresi":"1 dakika"},"schema":{"@context":"https:\/\/schema.org","@graph":[{"@type":"WebPage","@id":"https:\/\/www.rdadvocaten.nl\/strafrecht\/drugs-opiumwet\/","url":"https:\/\/www.rdadvocaten.nl\/strafrecht\/drugs-opiumwet\/","name":"Drugs (Opiumwet) - RD Advocaten","isPartOf":{"@id":"https:\/\/www.rdadvocaten.nl\/#website"},"datePublished":"2023-03-16T07:09:18+00:00","dateModified":"2023-04-03T15:20:11+00:00","breadcrumb":{"@id":"https:\/\/www.rdadvocaten.nl\/strafrecht\/drugs-opiumwet\/#breadcrumb"},"inLanguage":"tr","potentialAction":[{"@type":"ReadAction","target":["https:\/\/www.rdadvocaten.nl\/strafrecht\/drugs-opiumwet\/"]}]},{"@type":"BreadcrumbList","@id":"https:\/\/www.rdadvocaten.nl\/strafrecht\/drugs-opiumwet\/#breadcrumb","itemListElement":[{"@type":"ListItem","position":1,"name":"Home","item":"https:\/\/www.rdadvocaten.nl\/"},{"@type":"ListItem","position":2,"name":"Strafrecht","item":"https:\/\/www.rdadvocaten.nl\/strafrecht\/"},{"@type":"ListItem","position":3,"name":"Drugs (Opiumwet)"}]},{"@type":"WebSite","@id":"https:\/\/www.rdadvocaten.nl\/#website","url":"https:\/\/www.rdadvocaten.nl\/","name":"RD Advocaten","description":"","potentialAction":[{"@type":"SearchAction","target":{"@type":"EntryPoint","urlTemplate":"https:\/\/www.rdadvocaten.nl\/?s={search_term_string}"},"query-input":{"@type":"PropertyValueSpecification","valueRequired":true,"valueName":"search_term_string"}}],"inLanguage":"tr"}]}},"_links":{"self":[{"href":"https:\/\/www.rdadvocaten.nl\/tr\/wp-json\/wp\/v2\/pages\/52","targetHints":{"allow":["GET"]}}],"collection":[{"href":"https:\/\/www.rdadvocaten.nl\/tr\/wp-json\/wp\/v2\/pages"}],"about":[{"href":"https:\/\/www.rdadvocaten.nl\/tr\/wp-json\/wp\/v2\/types\/page"}],"author":[{"embeddable":true,"href":"https:\/\/www.rdadvocaten.nl\/tr\/wp-json\/wp\/v2\/users\/1"}],"replies":[{"embeddable":true,"href":"https:\/\/www.rdadvocaten.nl\/tr\/wp-json\/wp\/v2\/comments?post=52"}],"version-history":[{"count":5,"href":"https:\/\/www.rdadvocaten.nl\/tr\/wp-json\/wp\/v2\/pages\/52\/revisions"}],"predecessor-version":[{"id":367,"href":"https:\/\/www.rdadvocaten.nl\/tr\/wp-json\/wp\/v2\/pages\/52\/revisions\/367"}],"up":[{"embeddable":true,"href":"https:\/\/www.rdadvocaten.nl\/tr\/wp-json\/wp\/v2\/pages\/23"}],"wp:attachment":[{"href":"https:\/\/www.rdadvocaten.nl\/tr\/wp-json\/wp\/v2\/media?parent=52"}],"curies":[{"name":"wp","href":"https:\/\/api.w.org\/{rel}","templated":true}]}}