{"id":54,"date":"2023-03-16T08:23:03","date_gmt":"2023-03-16T07:23:03","guid":{"rendered":"https:\/\/www.rdadvocaten.nl\/?page_id=54"},"modified":"2023-04-03T17:26:50","modified_gmt":"2023-04-03T15:26:50","slug":"rijbewijs-ingevorderd","status":"publish","type":"page","link":"https:\/\/www.rdadvocaten.nl\/tr\/strafrecht\/rijbewijs-ingevorderd\/","title":{"rendered":"Ehliyetinize el mi konuldu?"},"content":{"rendered":"<section class=\"section\" id=\"section_1341434500\">\n\t\t<div class=\"bg section-bg fill bg-fill  bg-loaded\" >\n\n\t\t\t\n\t\t\t\n\t\t\t\n\n\t\t<\/div>\n\n\t\t\n\n\t\t<div class=\"section-content relative\">\n\t\t\t\n<div class=\"row\"  id=\"row-183968149\">\n\n\t<div id=\"col-520049039\" class=\"col small-12 large-12\"  >\n\t\t\t\t<div class=\"col-inner\"  >\n\t\t\t\n\t\t\t\n<div class=\"container section-title-container\" ><h1 class=\"section-title section-title-center\"><b><\/b><span class=\"section-title-main\" >Ehliyetinize el mi konuldu?<\/span><b><\/b><\/h1><\/div>\n\t\t<\/div>\n\t\t\t\t\t<\/div>\n\n\t\n\n\t<div id=\"col-337691349\" class=\"col medium-6 small-12 large-6\"  >\n\t\t\t\t<div class=\"col-inner\"  >\n\t\t\t\n\t\t\t\n\t<div class=\"img has-hover x md-x lg-x y md-y lg-y\" id=\"image_230148662\">\n\t\t\t\t\t\t\t\t<div class=\"img-inner dark\" >\n\t\t\t<img loading=\"lazy\" decoding=\"async\" width=\"1000\" height=\"750\" src=\"https:\/\/www.rdadvocaten.nl\/wp-content\/uploads\/2023\/04\/rijbewijs.jpg\" class=\"attachment-large size-large\" alt=\"\" srcset=\"https:\/\/www.rdadvocaten.nl\/wp-content\/uploads\/2023\/04\/rijbewijs.jpg 1000w, https:\/\/www.rdadvocaten.nl\/wp-content\/uploads\/2023\/04\/rijbewijs-300x225.jpg 300w, https:\/\/www.rdadvocaten.nl\/wp-content\/uploads\/2023\/04\/rijbewijs-768x576.jpg 768w, https:\/\/www.rdadvocaten.nl\/wp-content\/uploads\/2023\/04\/rijbewijs-16x12.jpg 16w\" sizes=\"auto, (max-width: 1000px) 100vw, 1000px\" \/>\t\t\t\t\t\t\n\t\t\t\t\t<\/div>\n\t\t\t\t\t\t\t\t\n<style>\n#image_230148662 {\n  width: 100%;\n}\n<\/style>\n\t<\/div>\n\t\n\t\t<\/div>\n\t\t\t\t\t<\/div>\n\n\t\n\n\t<div id=\"col-1344939187\" class=\"col medium-6 small-12 large-6\"  >\n\t\t\t\t<div class=\"col-inner\"  >\n\t\t\t\n\t\t\t\n<h2>Ehliyetinize el mi konuldu?<\/h2>\n<p>Motosikletinizde veya araban\u0131zda \u00e7ok mu h\u0131zl\u0131 s\u00fcrd\u00fcn\u00fcz? Ya da alkol miktar\u0131n\u0131 hafife al\u0131p yine de ara\u00e7 m\u0131 kulland\u0131n\u0131z? Bu durumlar ehliyetinize birka\u00e7 ayl\u0131\u011f\u0131na el konulmas\u0131na neden olabilir. Polis taraf\u0131ndan durdurulduktan sonra ehliyetinizin geri al\u0131nmas\u0131na karar verilirse, savc\u0131n\u0131n 10 g\u00fcn i\u00e7inde ehliyetinizi geri al\u0131p almayaca\u011f\u0131n\u0131za ve almayacaksan\u0131z ne kadar s\u00fcreyle geri alaca\u011f\u0131n\u0131za karar vermesi gerekir.<\/p>\n<p>\u00d6rne\u011fin i\u015finiz veya ki\u015fisel durumunuz nedeniyle ehliyetinize ba\u011f\u0131ml\u0131 m\u0131s\u0131n\u0131z? O zaman Hollanda Karayollar\u0131 Trafik Kanunu'nun 164. maddesi uyar\u0131nca mahkemeye gerek\u00e7eli bir \u015fikayette bulunman\u0131z tavsiye edilir. RAMNUN &amp; DEN\u0130Z Advocaten sizin ad\u0131n\u0131za \u015fikayet dilek\u00e7esini haz\u0131rlayabilir ve mahkemeye sunabilir.<\/p>\n<p>Daha sonra mahkeme huzuruna \u00e7\u0131kman\u0131z (celp) veya savc\u0131 taraf\u0131ndan sorgulanman\u0131z (ceza emri) gerekiyor mu? Bu durumda da yard\u0131m ve tavsiye i\u00e7in RAMNUN &amp; DEN\u0130Z Advocaten ba\u015fvurabilirsiniz.<\/p>\n<a href=\"tel:+31762050810\" target=\"_self\" class=\"button primary lowercase\"  >\n  <i class=\"icon-phone\" aria-hidden=\"true\" ><\/i>  <span>+31 (0)76 205 0810<\/span>\n  <\/a>\n\n\n<a href=\"mailto:info@rdadvocaten.nl\" target=\"_self\" class=\"button primary lowercase\"  >\n  <i class=\"icon-envelop\" aria-hidden=\"true\" ><\/i>  <span>info@rdadvocaten.nl<\/span>\n  <\/a>\n\n\t\t<\/div>\n\t\t\t\t\t<\/div>\n\n\t\n<\/div>\n\t\t<\/div>\n\n\t\t\n<style>\n#section_1341434500 {\n  padding-top: 30px;\n  padding-bottom: 30px;\n}\n#section_1341434500 .ux-shape-divider--top svg {\n  height: 150px;\n  --divider-top-width: 100%;\n}\n#section_1341434500 .ux-shape-divider--bottom svg {\n  height: 150px;\n  --divider-width: 100%;\n}\n<\/style>\n\t<\/section>","protected":false},"excerpt":{"rendered":"","protected":false},"author":1,"featured_media":0,"parent":23,"menu_order":0,"comment_status":"closed","ping_status":"closed","template":"page-blank.php","meta":{"footnotes":""},"class_list":["post-54","page","type-page","status-publish","hentry"],"yoast_head":"<!-- This site is optimized with the Yoast SEO plugin v27.4 - https:\/\/yoast.com\/product\/yoast-seo-wordpress\/ -->\n<title>Rijbewijs ingevorderd? - RD Advocaten<\/title>\n<meta name=\"robots\" content=\"index, follow, max-snippet:-1, max-image-preview:large, max-video-preview:-1\" \/>\n<link rel=\"canonical\" href=\"https:\/\/www.rdadvocaten.nl\/tr\/strafrecht\/rijbewijs-ingevorderd\/\" \/>\n<meta property=\"og:locale\" content=\"tr_TR\" \/>\n<meta property=\"og:type\" content=\"article\" \/>\n<meta property=\"og:title\" content=\"Rijbewijs ingevorderd? - RD Advocaten\" \/>\n<meta property=\"og:url\" content=\"https:\/\/www.rdadvocaten.nl\/tr\/strafrecht\/rijbewijs-ingevorderd\/\" \/>\n<meta property=\"og:site_name\" content=\"RD Advocaten\" \/>\n<meta property=\"article:modified_time\" content=\"2023-04-03T15:26:50+00:00\" \/>\n<meta name=\"twitter:card\" content=\"summary_large_image\" \/>\n<meta name=\"twitter:label1\" content=\"Tahmini okuma s\u00fcresi\" \/>\n\t<meta name=\"twitter:data1\" content=\"1 dakika\" \/>\n<script type=\"application\/ld+json\" class=\"yoast-schema-graph\">{\"@context\":\"https:\\\/\\\/schema.org\",\"@graph\":[{\"@type\":\"WebPage\",\"@id\":\"https:\\\/\\\/www.rdadvocaten.nl\\\/strafrecht\\\/rijbewijs-ingevorderd\\\/\",\"url\":\"https:\\\/\\\/www.rdadvocaten.nl\\\/strafrecht\\\/rijbewijs-ingevorderd\\\/\",\"name\":\"Rijbewijs ingevorderd? - RD Advocaten\",\"isPartOf\":{\"@id\":\"https:\\\/\\\/www.rdadvocaten.nl\\\/#website\"},\"datePublished\":\"2023-03-16T07:23:03+00:00\",\"dateModified\":\"2023-04-03T15:26:50+00:00\",\"breadcrumb\":{\"@id\":\"https:\\\/\\\/www.rdadvocaten.nl\\\/strafrecht\\\/rijbewijs-ingevorderd\\\/#breadcrumb\"},\"inLanguage\":\"tr\",\"potentialAction\":[{\"@type\":\"ReadAction\",\"target\":[\"https:\\\/\\\/www.rdadvocaten.nl\\\/strafrecht\\\/rijbewijs-ingevorderd\\\/\"]}]},{\"@type\":\"BreadcrumbList\",\"@id\":\"https:\\\/\\\/www.rdadvocaten.nl\\\/strafrecht\\\/rijbewijs-ingevorderd\\\/#breadcrumb\",\"itemListElement\":[{\"@type\":\"ListItem\",\"position\":1,\"name\":\"Home\",\"item\":\"https:\\\/\\\/www.rdadvocaten.nl\\\/\"},{\"@type\":\"ListItem\",\"position\":2,\"name\":\"Strafrecht\",\"item\":\"https:\\\/\\\/www.rdadvocaten.nl\\\/strafrecht\\\/\"},{\"@type\":\"ListItem\",\"position\":3,\"name\":\"Rijbewijs ingevorderd?\"}]},{\"@type\":\"WebSite\",\"@id\":\"https:\\\/\\\/www.rdadvocaten.nl\\\/#website\",\"url\":\"https:\\\/\\\/www.rdadvocaten.nl\\\/\",\"name\":\"RD Advocaten\",\"description\":\"\",\"potentialAction\":[{\"@type\":\"SearchAction\",\"target\":{\"@type\":\"EntryPoint\",\"urlTemplate\":\"https:\\\/\\\/www.rdadvocaten.nl\\\/?s={search_term_string}\"},\"query-input\":{\"@type\":\"PropertyValueSpecification\",\"valueRequired\":true,\"valueName\":\"search_term_string\"}}],\"inLanguage\":\"tr\"}]}<\/script>\n<!-- \/ Yoast SEO plugin. -->","yoast_head_json":{"title":"Rijbewijs ingevorderd? - RD Advocaten","robots":{"index":"index","follow":"follow","max-snippet":"max-snippet:-1","max-image-preview":"max-image-preview:large","max-video-preview":"max-video-preview:-1"},"canonical":"https:\/\/www.rdadvocaten.nl\/tr\/strafrecht\/rijbewijs-ingevorderd\/","og_locale":"tr_TR","og_type":"article","og_title":"Rijbewijs ingevorderd? - RD Advocaten","og_url":"https:\/\/www.rdadvocaten.nl\/tr\/strafrecht\/rijbewijs-ingevorderd\/","og_site_name":"RD Advocaten","article_modified_time":"2023-04-03T15:26:50+00:00","twitter_card":"summary_large_image","twitter_misc":{"Tahmini okuma s\u00fcresi":"1 dakika"},"schema":{"@context":"https:\/\/schema.org","@graph":[{"@type":"WebPage","@id":"https:\/\/www.rdadvocaten.nl\/strafrecht\/rijbewijs-ingevorderd\/","url":"https:\/\/www.rdadvocaten.nl\/strafrecht\/rijbewijs-ingevorderd\/","name":"Rijbewijs ingevorderd? - RD Advocaten","isPartOf":{"@id":"https:\/\/www.rdadvocaten.nl\/#website"},"datePublished":"2023-03-16T07:23:03+00:00","dateModified":"2023-04-03T15:26:50+00:00","breadcrumb":{"@id":"https:\/\/www.rdadvocaten.nl\/strafrecht\/rijbewijs-ingevorderd\/#breadcrumb"},"inLanguage":"tr","potentialAction":[{"@type":"ReadAction","target":["https:\/\/www.rdadvocaten.nl\/strafrecht\/rijbewijs-ingevorderd\/"]}]},{"@type":"BreadcrumbList","@id":"https:\/\/www.rdadvocaten.nl\/strafrecht\/rijbewijs-ingevorderd\/#breadcrumb","itemListElement":[{"@type":"ListItem","position":1,"name":"Home","item":"https:\/\/www.rdadvocaten.nl\/"},{"@type":"ListItem","position":2,"name":"Strafrecht","item":"https:\/\/www.rdadvocaten.nl\/strafrecht\/"},{"@type":"ListItem","position":3,"name":"Rijbewijs ingevorderd?"}]},{"@type":"WebSite","@id":"https:\/\/www.rdadvocaten.nl\/#website","url":"https:\/\/www.rdadvocaten.nl\/","name":"RD Advocaten","description":"","potentialAction":[{"@type":"SearchAction","target":{"@type":"EntryPoint","urlTemplate":"https:\/\/www.rdadvocaten.nl\/?s={search_term_string}"},"query-input":{"@type":"PropertyValueSpecification","valueRequired":true,"valueName":"search_term_string"}}],"inLanguage":"tr"}]}},"_links":{"self":[{"href":"https:\/\/www.rdadvocaten.nl\/tr\/wp-json\/wp\/v2\/pages\/54","targetHints":{"allow":["GET"]}}],"collection":[{"href":"https:\/\/www.rdadvocaten.nl\/tr\/wp-json\/wp\/v2\/pages"}],"about":[{"href":"https:\/\/www.rdadvocaten.nl\/tr\/wp-json\/wp\/v2\/types\/page"}],"author":[{"embeddable":true,"href":"https:\/\/www.rdadvocaten.nl\/tr\/wp-json\/wp\/v2\/users\/1"}],"replies":[{"embeddable":true,"href":"https:\/\/www.rdadvocaten.nl\/tr\/wp-json\/wp\/v2\/comments?post=54"}],"version-history":[{"count":6,"href":"https:\/\/www.rdadvocaten.nl\/tr\/wp-json\/wp\/v2\/pages\/54\/revisions"}],"predecessor-version":[{"id":373,"href":"https:\/\/www.rdadvocaten.nl\/tr\/wp-json\/wp\/v2\/pages\/54\/revisions\/373"}],"up":[{"embeddable":true,"href":"https:\/\/www.rdadvocaten.nl\/tr\/wp-json\/wp\/v2\/pages\/23"}],"wp:attachment":[{"href":"https:\/\/www.rdadvocaten.nl\/tr\/wp-json\/wp\/v2\/media?parent=54"}],"curies":[{"name":"wp","href":"https:\/\/api.w.org\/{rel}","templated":true}]}}