{"id":92,"date":"2023-03-16T08:47:16","date_gmt":"2023-03-16T07:47:16","guid":{"rendered":"https:\/\/www.rdadvocaten.nl\/?page_id=92"},"modified":"2023-04-05T12:34:55","modified_gmt":"2023-04-05T10:34:55","slug":"socialezekerheidsrecht","status":"publish","type":"page","link":"https:\/\/www.rdadvocaten.nl\/tr\/socialezekerheidsrecht\/","title":{"rendered":"Socialezekerheidsrecht"},"content":{"rendered":"<section class=\"section\" id=\"section_1739590445\">\n\t\t<div class=\"bg section-bg fill bg-fill  bg-loaded\" >\n\n\t\t\t\n\t\t\t\n\t\t\t\n\n\t\t<\/div>\n\n\t\t\n\n\t\t<div class=\"section-content relative\">\n\t\t\t\n<div class=\"row row-large\"  id=\"row-235926034\">\n\n\t<div id=\"col-1741370633\" class=\"col small-12 large-12\"  >\n\t\t\t\t<div class=\"col-inner\"  >\n\t\t\t\n\t\t\t\n<div class=\"container section-title-container\" ><h1 class=\"section-title section-title-center\"><b><\/b><span class=\"section-title-main\" >SOSYAL G\u00dcVENLI\u0307K YASASI<\/span><b><\/b><\/h1><\/div>\n\t\t<\/div>\n\t\t\t\t\t<\/div>\n\n\t\n\n\t<div id=\"col-102002974\" class=\"col medium-6 small-12 large-6\"  >\n\t\t\t\t<div class=\"col-inner\"  >\n\t\t\t\n\t\t\t\n<h2>Sosyal yard\u0131m paras\u0131 (bijstandsuitkering) veya UWV paras\u0131 m\u0131 al\u0131yorsunuz?<\/h2>\n<p>Belediyeden sosyal yard\u0131m veya UWV&#039;den yard\u0131m al\u0131yorsan\u0131z, bazen yard\u0131mlar\u0131n\u0131z\u0131n geri \u00e7ekildi\u011fi\nveya geri al\u0131nd\u0131\u011f\u0131 durumlar ortaya \u00e7\u0131kar. Yetkililer bu kararlar\u0131 genellikle bilgi verme y\u00fck\u00fcml\u00fcl\u00fc\u011f\u00fcn\u00fc\nihlal etti\u011finiz gerek\u00e7esine dayand\u0131r\u0131rlar. Devlete kar\u015f\u0131 dava a\u00e7mak vatanda\u015flar\u0131n ho\u015flanmad\u0131\u011f\u0131 bir\n\u015feydir.<\/p>\n<a href=\"\/tr\/socialezekerheidsrecht\/uitkering-ingetrokken\/\" target=\"_self\" class=\"button primary lowercase\"  style=\"border-radius:10px;\">\n    <span>Lees verder<\/span>\n  <\/a>\n\n\t\t<\/div>\n\t\t\t\t\t<\/div>\n\n\t\n\n\t<div id=\"col-679630971\" class=\"col medium-6 small-12 large-6\"  >\n\t\t\t\t<div class=\"col-inner\"  >\n\t\t\t\n\t\t\t\n<h2>DUO (entegrasyon)<\/h2>\n<p>Wanneer u migrant bent, heeft u te maken met bepaalde voorwaarden en verplichtingen. Zo dient u in de meeste gevallen in te burgeren. Niet alleen in het buitenland, maar ook in Nederland heeft u \u2013 indien u geen Unieburger bent &#8211; een inburgeringsverplichting. U kunt een lening krijgen om de kosten van de opleiding en het examen te dekken.<\/p>\n<a href=\"\/tr\/socialezekerheidsrecht\/duo-inburgering\/\" target=\"_self\" class=\"button primary lowercase\"  style=\"border-radius:10px;\">\n    <span>Lees verder<\/span>\n  <\/a>\n\n\t\t<\/div>\n\t\t\t\t\t<\/div>\n\n\t\n<\/div>\n\t\t<\/div>\n\n\t\t\n<style>\n#section_1739590445 {\n  padding-top: 30px;\n  padding-bottom: 30px;\n}\n#section_1739590445 .ux-shape-divider--top svg {\n  height: 150px;\n  --divider-top-width: 100%;\n}\n#section_1739590445 .ux-shape-divider--bottom svg {\n  height: 150px;\n  --divider-width: 100%;\n}\n<\/style>\n\t<\/section>","protected":false},"excerpt":{"rendered":"","protected":false},"author":1,"featured_media":0,"parent":0,"menu_order":0,"comment_status":"closed","ping_status":"closed","template":"page-blank.php","meta":{"footnotes":""},"class_list":["post-92","page","type-page","status-publish","hentry"],"yoast_head":"<!-- This site is optimized with the Yoast SEO plugin v27.4 - https:\/\/yoast.com\/product\/yoast-seo-wordpress\/ -->\n<title>Socialezekerheidsrecht - RD Advocaten<\/title>\n<meta name=\"robots\" content=\"index, follow, max-snippet:-1, max-image-preview:large, max-video-preview:-1\" \/>\n<link rel=\"canonical\" href=\"https:\/\/www.rdadvocaten.nl\/tr\/socialezekerheidsrecht\/\" \/>\n<meta property=\"og:locale\" content=\"tr_TR\" \/>\n<meta property=\"og:type\" content=\"article\" \/>\n<meta property=\"og:title\" content=\"Socialezekerheidsrecht - RD Advocaten\" \/>\n<meta property=\"og:url\" content=\"https:\/\/www.rdadvocaten.nl\/tr\/socialezekerheidsrecht\/\" \/>\n<meta property=\"og:site_name\" content=\"RD Advocaten\" \/>\n<meta property=\"article:modified_time\" content=\"2023-04-05T10:34:55+00:00\" \/>\n<meta name=\"twitter:card\" content=\"summary_large_image\" \/>\n<meta name=\"twitter:label1\" content=\"Tahmini okuma s\u00fcresi\" \/>\n\t<meta name=\"twitter:data1\" content=\"1 dakika\" \/>\n<script type=\"application\/ld+json\" class=\"yoast-schema-graph\">{\"@context\":\"https:\\\/\\\/schema.org\",\"@graph\":[{\"@type\":\"WebPage\",\"@id\":\"https:\\\/\\\/www.rdadvocaten.nl\\\/socialezekerheidsrecht\\\/\",\"url\":\"https:\\\/\\\/www.rdadvocaten.nl\\\/socialezekerheidsrecht\\\/\",\"name\":\"Socialezekerheidsrecht - RD Advocaten\",\"isPartOf\":{\"@id\":\"https:\\\/\\\/www.rdadvocaten.nl\\\/#website\"},\"datePublished\":\"2023-03-16T07:47:16+00:00\",\"dateModified\":\"2023-04-05T10:34:55+00:00\",\"breadcrumb\":{\"@id\":\"https:\\\/\\\/www.rdadvocaten.nl\\\/socialezekerheidsrecht\\\/#breadcrumb\"},\"inLanguage\":\"tr\",\"potentialAction\":[{\"@type\":\"ReadAction\",\"target\":[\"https:\\\/\\\/www.rdadvocaten.nl\\\/socialezekerheidsrecht\\\/\"]}]},{\"@type\":\"BreadcrumbList\",\"@id\":\"https:\\\/\\\/www.rdadvocaten.nl\\\/socialezekerheidsrecht\\\/#breadcrumb\",\"itemListElement\":[{\"@type\":\"ListItem\",\"position\":1,\"name\":\"Home\",\"item\":\"https:\\\/\\\/www.rdadvocaten.nl\\\/\"},{\"@type\":\"ListItem\",\"position\":2,\"name\":\"Socialezekerheidsrecht\"}]},{\"@type\":\"WebSite\",\"@id\":\"https:\\\/\\\/www.rdadvocaten.nl\\\/#website\",\"url\":\"https:\\\/\\\/www.rdadvocaten.nl\\\/\",\"name\":\"RD Advocaten\",\"description\":\"\",\"potentialAction\":[{\"@type\":\"SearchAction\",\"target\":{\"@type\":\"EntryPoint\",\"urlTemplate\":\"https:\\\/\\\/www.rdadvocaten.nl\\\/?s={search_term_string}\"},\"query-input\":{\"@type\":\"PropertyValueSpecification\",\"valueRequired\":true,\"valueName\":\"search_term_string\"}}],\"inLanguage\":\"tr\"}]}<\/script>\n<!-- \/ Yoast SEO plugin. -->","yoast_head_json":{"title":"Socialezekerheidsrecht - RD Advocaten","robots":{"index":"index","follow":"follow","max-snippet":"max-snippet:-1","max-image-preview":"max-image-preview:large","max-video-preview":"max-video-preview:-1"},"canonical":"https:\/\/www.rdadvocaten.nl\/tr\/socialezekerheidsrecht\/","og_locale":"tr_TR","og_type":"article","og_title":"Socialezekerheidsrecht - RD Advocaten","og_url":"https:\/\/www.rdadvocaten.nl\/tr\/socialezekerheidsrecht\/","og_site_name":"RD Advocaten","article_modified_time":"2023-04-05T10:34:55+00:00","twitter_card":"summary_large_image","twitter_misc":{"Tahmini okuma s\u00fcresi":"1 dakika"},"schema":{"@context":"https:\/\/schema.org","@graph":[{"@type":"WebPage","@id":"https:\/\/www.rdadvocaten.nl\/socialezekerheidsrecht\/","url":"https:\/\/www.rdadvocaten.nl\/socialezekerheidsrecht\/","name":"Socialezekerheidsrecht - RD Advocaten","isPartOf":{"@id":"https:\/\/www.rdadvocaten.nl\/#website"},"datePublished":"2023-03-16T07:47:16+00:00","dateModified":"2023-04-05T10:34:55+00:00","breadcrumb":{"@id":"https:\/\/www.rdadvocaten.nl\/socialezekerheidsrecht\/#breadcrumb"},"inLanguage":"tr","potentialAction":[{"@type":"ReadAction","target":["https:\/\/www.rdadvocaten.nl\/socialezekerheidsrecht\/"]}]},{"@type":"BreadcrumbList","@id":"https:\/\/www.rdadvocaten.nl\/socialezekerheidsrecht\/#breadcrumb","itemListElement":[{"@type":"ListItem","position":1,"name":"Home","item":"https:\/\/www.rdadvocaten.nl\/"},{"@type":"ListItem","position":2,"name":"Socialezekerheidsrecht"}]},{"@type":"WebSite","@id":"https:\/\/www.rdadvocaten.nl\/#website","url":"https:\/\/www.rdadvocaten.nl\/","name":"RD Advocaten","description":"","potentialAction":[{"@type":"SearchAction","target":{"@type":"EntryPoint","urlTemplate":"https:\/\/www.rdadvocaten.nl\/?s={search_term_string}"},"query-input":{"@type":"PropertyValueSpecification","valueRequired":true,"valueName":"search_term_string"}}],"inLanguage":"tr"}]}},"_links":{"self":[{"href":"https:\/\/www.rdadvocaten.nl\/tr\/wp-json\/wp\/v2\/pages\/92","targetHints":{"allow":["GET"]}}],"collection":[{"href":"https:\/\/www.rdadvocaten.nl\/tr\/wp-json\/wp\/v2\/pages"}],"about":[{"href":"https:\/\/www.rdadvocaten.nl\/tr\/wp-json\/wp\/v2\/types\/page"}],"author":[{"embeddable":true,"href":"https:\/\/www.rdadvocaten.nl\/tr\/wp-json\/wp\/v2\/users\/1"}],"replies":[{"embeddable":true,"href":"https:\/\/www.rdadvocaten.nl\/tr\/wp-json\/wp\/v2\/comments?post=92"}],"version-history":[{"count":12,"href":"https:\/\/www.rdadvocaten.nl\/tr\/wp-json\/wp\/v2\/pages\/92\/revisions"}],"predecessor-version":[{"id":474,"href":"https:\/\/www.rdadvocaten.nl\/tr\/wp-json\/wp\/v2\/pages\/92\/revisions\/474"}],"wp:attachment":[{"href":"https:\/\/www.rdadvocaten.nl\/tr\/wp-json\/wp\/v2\/media?parent=92"}],"curies":[{"name":"wp","href":"https:\/\/api.w.org\/{rel}","templated":true}]}}