{"id":94,"date":"2023-03-16T08:47:55","date_gmt":"2023-03-16T07:47:55","guid":{"rendered":"https:\/\/www.rdadvocaten.nl\/?page_id=94"},"modified":"2023-04-03T18:20:41","modified_gmt":"2023-04-03T16:20:41","slug":"regulier","status":"publish","type":"page","link":"https:\/\/www.rdadvocaten.nl\/tr\/vreemdelingenrecht\/regulier\/","title":{"rendered":"d\u00fczenli davalar"},"content":{"rendered":"<section class=\"section\" id=\"section_269562838\">\n\t\t<div class=\"bg section-bg fill bg-fill  bg-loaded\" >\n\n\t\t\t\n\t\t\t\n\t\t\t\n\n\t\t<\/div>\n\n\t\t\n\n\t\t<div class=\"section-content relative\">\n\t\t\t\n<div class=\"row row-collapse\"  id=\"row-1483955871\">\n\n\t<div id=\"col-43668663\" class=\"col small-12 large-12\"  >\n\t\t\t\t<div class=\"col-inner\"  >\n\t\t\t\n\t\t\t\n<div class=\"container section-title-container\" ><h1 class=\"section-title section-title-center\"><b><\/b><span class=\"section-title-main\" >d\u00fczenli davalar<\/span><b><\/b><\/h1><\/div>\n\t\t<\/div>\n\t\t\t\t\t<\/div>\n\n\t\n<\/div>\n<div class=\"row\"  id=\"row-1922834848\">\n\n\t<div id=\"col-470685231\" class=\"col medium-3 small-12 large-3\"  >\n\t\t\t\t<div class=\"col-inner\"  >\n\t\t\t\n\t\t\t\n<h3>Hollanda&#039;da \u00e7al\u0131\u015fmak<\/h3>\n<p>Bir i\u015fveren misiniz ve AB\/AEA \u00fcyesi bir \u00fclkenin veya \u0130svi\u00e7re&#039;nin vatanda\u015fl\u0131\u011f\u0131na sahip bir \u00e7al\u0131\u015fan\u0131\nistihdam etmeyi d\u00fc\u015f\u00fcn\u00fcyor musunuz? E\u011fer \u00f6yleyse, \u00e7al\u0131\u015fan\u0131n\u0131z Hollanda&#039;da \u00e7al\u0131\u015fmakta \u00f6zg\u00fcr olacakt\u0131r\n(\u00f6rne\u011fin istenmeyen bir beyan s\u00f6z konusu de\u011filse).<\/p>\n<a href=\"\/tr\/vreemdelingenrecht\/regulier\/werken-in-nederland\/\" target=\"_self\" class=\"button primary is-small\"  style=\"border-radius:10px;\">\n    <span>devam\u0131n\u0131 oku<\/span>\n  <i class=\"icon-angle-right\" aria-hidden=\"true\" ><\/i><\/a>\n\n\t\t<\/div>\n\t\t\t\t\n<style>\n#col-470685231 > .col-inner {\n  padding: 20px 20px 20px 20px;\n}\n<\/style>\n\t<\/div>\n\n\t\n\n\t<div id=\"col-758562695\" class=\"col medium-3 small-12 large-3\"  >\n\t\t\t\t<div class=\"col-inner\"  >\n\t\t\t\n\t\t\t\n<h3>Hollanda&#039;da i\u015f yapmak<\/h3>\n<p>Hollanda'da bir \u015firket kurmak istiyorsan\u0131z ve bir AB \/ AEA \u00fcye devletinin veya \u0130svi\u00e7re'nin vatanda\u015f\u0131 de\u011filseniz, \u00f6nemli bir Hollanda ekonomik \u00e7\u0131kar\u0131na hizmet etti\u011finizi ve yenilik\u00e7i oldu\u011funuzu g\u00f6stermenizi gerektiren bir kabul politikas\u0131na tabi olursunuz.<\/p>\n<a href=\"\/tr\/vreemdelingenrecht\/regulier\/ondernemen-in-nederland\/\" target=\"_self\" class=\"button primary is-small\"  style=\"border-radius:10px;\">\n    <span>devam\u0131n\u0131 oku<\/span>\n  <i class=\"icon-angle-right\" aria-hidden=\"true\" ><\/i><\/a>\n\n\t\t<\/div>\n\t\t\t\t\n<style>\n#col-758562695 > .col-inner {\n  padding: 20px 20px 20px 20px;\n}\n<\/style>\n\t<\/div>\n\n\t\n\n\t<div id=\"col-1933369541\" class=\"col medium-3 small-12 large-3\"  >\n\t\t\t\t<div class=\"col-inner\"  >\n\t\t\t\n\t\t\t\n<h3>Aile birle\u015fimi<\/h3>\n<p>Aile \u00fcyeleriyle yeniden bir araya gelmenin bir\u00e7ok farkl\u0131 yolu vard\u0131r. Durumunuza ba\u011fl\u0131 olarak kurallar farkl\u0131l\u0131k g\u00f6sterir. \u00d6rne\u011fin, farkl\u0131 prosed\u00fcrleriniz vard\u0131r.<\/p>\n<a href=\"\/tr\/vreemdelingenrecht\/regulier\/gezinshereniging\/\" target=\"_self\" class=\"button primary is-small\"  style=\"border-radius:10px;\">\n    <span>devam\u0131n\u0131 oku<\/span>\n  <i class=\"icon-angle-right\" aria-hidden=\"true\" ><\/i><\/a>\n\n\t\t<\/div>\n\t\t\t\t\n<style>\n#col-1933369541 > .col-inner {\n  padding: 20px 20px 20px 20px;\n}\n<\/style>\n\t<\/div>\n\n\t\n\n\t<div id=\"col-2127690842\" class=\"col medium-3 small-12 large-3\"  >\n\t\t\t\t<div class=\"col-inner\"  >\n\t\t\t\n\t\t\t\n<h3>Hollanda pasaportu<\/h3>\n<p>Hollanda vatanda\u015fl\u0131\u011f\u0131na ge\u00e7mek istiyorsan\u0131z veya vatanda\u015fl\u0131\u011f\u0131n\u0131z iptal edilmi\u015fse ya da vatanda\u015fl\u0131\u011fa ge\u00e7me talebiniz reddedilmi\u015fse, l\u00fctfen bizimle ileti\u015fime ge\u00e7in. Vatanda\u015fl\u0131\u011fa kabul i\u00e7in uygunlu\u011funuz Hollanda Vatanda\u015fl\u0131k Yasas\u0131 uyar\u0131nca de\u011ferlendirilecektir.<\/p>\n<a href=\"\/tr\/vreemdelingenrecht\/regulier\/nederlands-paspoort-naturalisatie\/\" target=\"_self\" class=\"button primary is-small\"  style=\"border-radius:10px;\">\n    <span>devam\u0131n\u0131 oku<\/span>\n  <i class=\"icon-angle-right\" aria-hidden=\"true\" ><\/i><\/a>\n\n\t\t<\/div>\n\t\t\t\t\n<style>\n#col-2127690842 > .col-inner {\n  padding: 20px 20px 20px 20px;\n}\n<\/style>\n\t<\/div>\n\n\t\n<\/div>\n\t\t<\/div>\n\n\t\t\n<style>\n#section_269562838 {\n  padding-top: 30px;\n  padding-bottom: 30px;\n}\n#section_269562838 .ux-shape-divider--top svg {\n  height: 150px;\n  --divider-top-width: 100%;\n}\n#section_269562838 .ux-shape-divider--bottom svg {\n  height: 150px;\n  --divider-width: 100%;\n}\n<\/style>\n\t<\/section>","protected":false},"excerpt":{"rendered":"","protected":false},"author":1,"featured_media":0,"parent":90,"menu_order":0,"comment_status":"closed","ping_status":"closed","template":"page-blank.php","meta":{"footnotes":""},"class_list":["post-94","page","type-page","status-publish","hentry"],"yoast_head":"<!-- This site is optimized with the Yoast SEO plugin v27.5 - https:\/\/yoast.com\/product\/yoast-seo-wordpress\/ -->\n<title>Regulier - RD Advocaten<\/title>\n<meta name=\"robots\" content=\"index, follow, max-snippet:-1, max-image-preview:large, max-video-preview:-1\" \/>\n<link rel=\"canonical\" href=\"https:\/\/www.rdadvocaten.nl\/tr\/vreemdelingenrecht\/regulier\/\" \/>\n<meta property=\"og:locale\" content=\"tr_TR\" \/>\n<meta property=\"og:type\" content=\"article\" \/>\n<meta property=\"og:title\" content=\"Regulier - RD Advocaten\" \/>\n<meta property=\"og:url\" content=\"https:\/\/www.rdadvocaten.nl\/tr\/vreemdelingenrecht\/regulier\/\" \/>\n<meta property=\"og:site_name\" content=\"RD Advocaten\" \/>\n<meta property=\"article:modified_time\" content=\"2023-04-03T16:20:41+00:00\" \/>\n<meta name=\"twitter:card\" content=\"summary_large_image\" \/>\n<script type=\"application\/ld+json\" class=\"yoast-schema-graph\">{\"@context\":\"https:\\\/\\\/schema.org\",\"@graph\":[{\"@type\":\"WebPage\",\"@id\":\"https:\\\/\\\/www.rdadvocaten.nl\\\/vreemdelingenrecht\\\/regulier\\\/\",\"url\":\"https:\\\/\\\/www.rdadvocaten.nl\\\/vreemdelingenrecht\\\/regulier\\\/\",\"name\":\"Regulier - RD Advocaten\",\"isPartOf\":{\"@id\":\"https:\\\/\\\/www.rdadvocaten.nl\\\/#website\"},\"datePublished\":\"2023-03-16T07:47:55+00:00\",\"dateModified\":\"2023-04-03T16:20:41+00:00\",\"breadcrumb\":{\"@id\":\"https:\\\/\\\/www.rdadvocaten.nl\\\/vreemdelingenrecht\\\/regulier\\\/#breadcrumb\"},\"inLanguage\":\"tr\",\"potentialAction\":[{\"@type\":\"ReadAction\",\"target\":[\"https:\\\/\\\/www.rdadvocaten.nl\\\/vreemdelingenrecht\\\/regulier\\\/\"]}]},{\"@type\":\"BreadcrumbList\",\"@id\":\"https:\\\/\\\/www.rdadvocaten.nl\\\/vreemdelingenrecht\\\/regulier\\\/#breadcrumb\",\"itemListElement\":[{\"@type\":\"ListItem\",\"position\":1,\"name\":\"Home\",\"item\":\"https:\\\/\\\/www.rdadvocaten.nl\\\/\"},{\"@type\":\"ListItem\",\"position\":2,\"name\":\"Vreemdelingenrecht\",\"item\":\"https:\\\/\\\/www.rdadvocaten.nl\\\/vreemdelingenrecht\\\/\"},{\"@type\":\"ListItem\",\"position\":3,\"name\":\"Regulier\"}]},{\"@type\":\"WebSite\",\"@id\":\"https:\\\/\\\/www.rdadvocaten.nl\\\/#website\",\"url\":\"https:\\\/\\\/www.rdadvocaten.nl\\\/\",\"name\":\"RD Advocaten\",\"description\":\"\",\"potentialAction\":[{\"@type\":\"SearchAction\",\"target\":{\"@type\":\"EntryPoint\",\"urlTemplate\":\"https:\\\/\\\/www.rdadvocaten.nl\\\/?s={search_term_string}\"},\"query-input\":{\"@type\":\"PropertyValueSpecification\",\"valueRequired\":true,\"valueName\":\"search_term_string\"}}],\"inLanguage\":\"tr\"}]}<\/script>\n<!-- \/ Yoast SEO plugin. -->","yoast_head_json":{"title":"Regulier - RD Advocaten","robots":{"index":"index","follow":"follow","max-snippet":"max-snippet:-1","max-image-preview":"max-image-preview:large","max-video-preview":"max-video-preview:-1"},"canonical":"https:\/\/www.rdadvocaten.nl\/tr\/vreemdelingenrecht\/regulier\/","og_locale":"tr_TR","og_type":"article","og_title":"Regulier - RD Advocaten","og_url":"https:\/\/www.rdadvocaten.nl\/tr\/vreemdelingenrecht\/regulier\/","og_site_name":"RD Advocaten","article_modified_time":"2023-04-03T16:20:41+00:00","twitter_card":"summary_large_image","schema":{"@context":"https:\/\/schema.org","@graph":[{"@type":"WebPage","@id":"https:\/\/www.rdadvocaten.nl\/vreemdelingenrecht\/regulier\/","url":"https:\/\/www.rdadvocaten.nl\/vreemdelingenrecht\/regulier\/","name":"Regulier - RD Advocaten","isPartOf":{"@id":"https:\/\/www.rdadvocaten.nl\/#website"},"datePublished":"2023-03-16T07:47:55+00:00","dateModified":"2023-04-03T16:20:41+00:00","breadcrumb":{"@id":"https:\/\/www.rdadvocaten.nl\/vreemdelingenrecht\/regulier\/#breadcrumb"},"inLanguage":"tr","potentialAction":[{"@type":"ReadAction","target":["https:\/\/www.rdadvocaten.nl\/vreemdelingenrecht\/regulier\/"]}]},{"@type":"BreadcrumbList","@id":"https:\/\/www.rdadvocaten.nl\/vreemdelingenrecht\/regulier\/#breadcrumb","itemListElement":[{"@type":"ListItem","position":1,"name":"Home","item":"https:\/\/www.rdadvocaten.nl\/"},{"@type":"ListItem","position":2,"name":"Vreemdelingenrecht","item":"https:\/\/www.rdadvocaten.nl\/vreemdelingenrecht\/"},{"@type":"ListItem","position":3,"name":"Regulier"}]},{"@type":"WebSite","@id":"https:\/\/www.rdadvocaten.nl\/#website","url":"https:\/\/www.rdadvocaten.nl\/","name":"RD Advocaten","description":"","potentialAction":[{"@type":"SearchAction","target":{"@type":"EntryPoint","urlTemplate":"https:\/\/www.rdadvocaten.nl\/?s={search_term_string}"},"query-input":{"@type":"PropertyValueSpecification","valueRequired":true,"valueName":"search_term_string"}}],"inLanguage":"tr"}]}},"_links":{"self":[{"href":"https:\/\/www.rdadvocaten.nl\/tr\/wp-json\/wp\/v2\/pages\/94","targetHints":{"allow":["GET"]}}],"collection":[{"href":"https:\/\/www.rdadvocaten.nl\/tr\/wp-json\/wp\/v2\/pages"}],"about":[{"href":"https:\/\/www.rdadvocaten.nl\/tr\/wp-json\/wp\/v2\/types\/page"}],"author":[{"embeddable":true,"href":"https:\/\/www.rdadvocaten.nl\/tr\/wp-json\/wp\/v2\/users\/1"}],"replies":[{"embeddable":true,"href":"https:\/\/www.rdadvocaten.nl\/tr\/wp-json\/wp\/v2\/comments?post=94"}],"version-history":[{"count":9,"href":"https:\/\/www.rdadvocaten.nl\/tr\/wp-json\/wp\/v2\/pages\/94\/revisions"}],"predecessor-version":[{"id":418,"href":"https:\/\/www.rdadvocaten.nl\/tr\/wp-json\/wp\/v2\/pages\/94\/revisions\/418"}],"up":[{"embeddable":true,"href":"https:\/\/www.rdadvocaten.nl\/tr\/wp-json\/wp\/v2\/pages\/90"}],"wp:attachment":[{"href":"https:\/\/www.rdadvocaten.nl\/tr\/wp-json\/wp\/v2\/media?parent=94"}],"curies":[{"name":"wp","href":"https:\/\/api.w.org\/{rel}","templated":true}]}}