{"id":96,"date":"2023-03-16T08:48:10","date_gmt":"2023-03-16T07:48:10","guid":{"rendered":"https:\/\/www.rdadvocaten.nl\/?page_id=96"},"modified":"2023-04-26T09:13:38","modified_gmt":"2023-04-26T07:13:38","slug":"asiel","status":"publish","type":"page","link":"https:\/\/www.rdadvocaten.nl\/tr\/vreemdelingenrecht\/asiel\/","title":{"rendered":"\u0130ltica"},"content":{"rendered":"<section class=\"section\" id=\"section_1078227861\">\n\t\t<div class=\"bg section-bg fill bg-fill  bg-loaded\" >\n\n\t\t\t\n\t\t\t\n\t\t\t\n\n\t\t<\/div>\n\n\t\t\n\n\t\t<div class=\"section-content relative\">\n\t\t\t\n<div class=\"row row-collapse\"  id=\"row-1798149452\">\n\n\t<div id=\"col-521969165\" class=\"col small-12 large-12\"  >\n\t\t\t\t<div class=\"col-inner\"  >\n\t\t\t\n\t\t\t\n<div class=\"container section-title-container\" ><h1 class=\"section-title section-title-center\"><b><\/b><span class=\"section-title-main\" >\u0130ltica<\/span><b><\/b><\/h1><\/div>\n\t\t<\/div>\n\t\t\t\t\t<\/div>\n\n\t\n<\/div>\n<div class=\"row align-middle\"  id=\"row-816367460\">\n\n\t<div id=\"col-463879989\" class=\"col medium-6 small-12 large-6\"  >\n\t\t\t\t<div class=\"col-inner\"  >\n\t\t\t\n\t\t\t\n\t<div class=\"img has-hover x md-x lg-x y md-y lg-y\" id=\"image_2000004018\">\n\t\t\t\t\t\t\t\t<div class=\"img-inner dark\" >\n\t\t\t<img loading=\"lazy\" decoding=\"async\" width=\"1000\" height=\"889\" src=\"https:\/\/www.rdadvocaten.nl\/wp-content\/uploads\/2023\/04\/asiel.jpg\" class=\"attachment-large size-large\" alt=\"\" srcset=\"https:\/\/www.rdadvocaten.nl\/wp-content\/uploads\/2023\/04\/asiel.jpg 1000w, https:\/\/www.rdadvocaten.nl\/wp-content\/uploads\/2023\/04\/asiel-300x267.jpg 300w, https:\/\/www.rdadvocaten.nl\/wp-content\/uploads\/2023\/04\/asiel-768x683.jpg 768w, https:\/\/www.rdadvocaten.nl\/wp-content\/uploads\/2023\/04\/asiel-13x12.jpg 13w\" sizes=\"auto, (max-width: 1000px) 100vw, 1000px\" \/>\t\t\t\t\t\t\n\t\t\t\t\t<\/div>\n\t\t\t\t\t\t\t\t\n<style>\n#image_2000004018 {\n  width: 100%;\n}\n<\/style>\n\t<\/div>\n\t\n\t\t<\/div>\n\t\t\t\t\t<\/div>\n\n\t\n\n\t<div id=\"col-1192516344\" class=\"col medium-6 small-12 large-6\"  >\n\t\t\t\t<div class=\"col-inner\"  >\n\t\t\t\n\t\t\t\n<p>Indien u een asielaanvraag wenst in te dienen of u heeft asielgerelateerde vragen, kunt u contact met ons opnemen. Voorbeelden van veel voorkomende situaties zijn:<\/p>\n<ul>\n<li>\u0130kinci veya daha sonraki bir iltica ba\u015fvurusunda bulunmak istiyorsan\u0131z<\/li>\n<li>S\u0131\u011f\u0131nma izniniz geri al\u0131n\u0131yor veya geri al\u0131nd\u0131<\/li>\n<li>Ba\u011f\u0131ms\u0131z s\u0131\u011f\u0131nma stat\u00fcs\u00fc elde etmek istiyorsan\u0131z<\/li>\n<\/ul>\n<p>Men\u015fe \u00fclkenize veya daimi ikametgah\u0131n\u0131za, etnik k\u00f6keninize, dininize, \u0131rk\u0131n\u0131za veya siyasi\nba\u011flant\u0131lar\u0131n\u0131za ba\u011fl\u0131 olarak, poli\u00e7e kurallar\u0131 farkl\u0131l\u0131k g\u00f6sterebilir.<\/p>\n<p>B\u00f6yle bir sorun ya da soruyla kar\u015f\u0131 kar\u015f\u0131yaysan\u0131z, l\u00fctfen bizimle irtibata ge\u00e7erek y\u00fck\u00fcml\u00fcl\u00fck\ngerektirmeyen bir dan\u0131\u015fma g\u00f6r\u00fc\u015fmesi s\u0131ras\u0131nda se\u00e7eneklerinizi de\u011ferlendirin. \n<br>\n<br>\n\u0130ltica s\u00f6z konusu oldu\u011funda, firmam\u0131z T\u00fcrkiye hari\u00e7 neredeyse t\u00fcm men\u015fe \u00fclkeler konusunda\nuzmanla\u015fm\u0131\u015ft\u0131r.<\/p>\n<a href=\"tel:+31762050810\" target=\"_self\" class=\"button primary lowercase\"  >\n  <i class=\"icon-phone\" aria-hidden=\"true\" ><\/i>  <span>+31 (0)76 205 0810<\/span>\n  <\/a>\n\n\n<a href=\"mailto:info@rdadvocaten.nl\" target=\"_self\" class=\"button primary lowercase\"  >\n  <i class=\"icon-envelop\" aria-hidden=\"true\" ><\/i>  <span>info@rdadvocaten.nl<\/span>\n  <\/a>\n\n\t\t<\/div>\n\t\t\t\t\t<\/div>\n\n\t\n<\/div>\n\t\t<\/div>\n\n\t\t\n<style>\n#section_1078227861 {\n  padding-top: 30px;\n  padding-bottom: 30px;\n}\n#section_1078227861 .ux-shape-divider--top svg {\n  height: 150px;\n  --divider-top-width: 100%;\n}\n#section_1078227861 .ux-shape-divider--bottom svg {\n  height: 150px;\n  --divider-width: 100%;\n}\n<\/style>\n\t<\/section>","protected":false},"excerpt":{"rendered":"","protected":false},"author":1,"featured_media":0,"parent":90,"menu_order":0,"comment_status":"closed","ping_status":"closed","template":"page-blank.php","meta":{"footnotes":""},"class_list":["post-96","page","type-page","status-publish","hentry"],"yoast_head":"<!-- This site is optimized with the Yoast SEO plugin v27.5 - https:\/\/yoast.com\/product\/yoast-seo-wordpress\/ -->\n<title>Asiel - RD Advocaten<\/title>\n<meta name=\"robots\" content=\"index, follow, max-snippet:-1, max-image-preview:large, max-video-preview:-1\" \/>\n<link rel=\"canonical\" href=\"https:\/\/www.rdadvocaten.nl\/tr\/vreemdelingenrecht\/asiel\/\" \/>\n<meta property=\"og:locale\" content=\"tr_TR\" \/>\n<meta property=\"og:type\" content=\"article\" \/>\n<meta property=\"og:title\" content=\"Asiel - RD Advocaten\" \/>\n<meta property=\"og:url\" content=\"https:\/\/www.rdadvocaten.nl\/tr\/vreemdelingenrecht\/asiel\/\" \/>\n<meta property=\"og:site_name\" content=\"RD Advocaten\" \/>\n<meta property=\"article:modified_time\" content=\"2023-04-26T07:13:38+00:00\" \/>\n<meta name=\"twitter:card\" content=\"summary_large_image\" \/>\n<script type=\"application\/ld+json\" class=\"yoast-schema-graph\">{\"@context\":\"https:\\\/\\\/schema.org\",\"@graph\":[{\"@type\":\"WebPage\",\"@id\":\"https:\\\/\\\/www.rdadvocaten.nl\\\/vreemdelingenrecht\\\/asiel\\\/\",\"url\":\"https:\\\/\\\/www.rdadvocaten.nl\\\/vreemdelingenrecht\\\/asiel\\\/\",\"name\":\"Asiel - RD Advocaten\",\"isPartOf\":{\"@id\":\"https:\\\/\\\/www.rdadvocaten.nl\\\/#website\"},\"datePublished\":\"2023-03-16T07:48:10+00:00\",\"dateModified\":\"2023-04-26T07:13:38+00:00\",\"breadcrumb\":{\"@id\":\"https:\\\/\\\/www.rdadvocaten.nl\\\/vreemdelingenrecht\\\/asiel\\\/#breadcrumb\"},\"inLanguage\":\"tr\",\"potentialAction\":[{\"@type\":\"ReadAction\",\"target\":[\"https:\\\/\\\/www.rdadvocaten.nl\\\/vreemdelingenrecht\\\/asiel\\\/\"]}]},{\"@type\":\"BreadcrumbList\",\"@id\":\"https:\\\/\\\/www.rdadvocaten.nl\\\/vreemdelingenrecht\\\/asiel\\\/#breadcrumb\",\"itemListElement\":[{\"@type\":\"ListItem\",\"position\":1,\"name\":\"Home\",\"item\":\"https:\\\/\\\/www.rdadvocaten.nl\\\/\"},{\"@type\":\"ListItem\",\"position\":2,\"name\":\"Vreemdelingenrecht\",\"item\":\"https:\\\/\\\/www.rdadvocaten.nl\\\/vreemdelingenrecht\\\/\"},{\"@type\":\"ListItem\",\"position\":3,\"name\":\"Asiel\"}]},{\"@type\":\"WebSite\",\"@id\":\"https:\\\/\\\/www.rdadvocaten.nl\\\/#website\",\"url\":\"https:\\\/\\\/www.rdadvocaten.nl\\\/\",\"name\":\"RD Advocaten\",\"description\":\"\",\"potentialAction\":[{\"@type\":\"SearchAction\",\"target\":{\"@type\":\"EntryPoint\",\"urlTemplate\":\"https:\\\/\\\/www.rdadvocaten.nl\\\/?s={search_term_string}\"},\"query-input\":{\"@type\":\"PropertyValueSpecification\",\"valueRequired\":true,\"valueName\":\"search_term_string\"}}],\"inLanguage\":\"tr\"}]}<\/script>\n<!-- \/ Yoast SEO plugin. -->","yoast_head_json":{"title":"Asiel - RD Advocaten","robots":{"index":"index","follow":"follow","max-snippet":"max-snippet:-1","max-image-preview":"max-image-preview:large","max-video-preview":"max-video-preview:-1"},"canonical":"https:\/\/www.rdadvocaten.nl\/tr\/vreemdelingenrecht\/asiel\/","og_locale":"tr_TR","og_type":"article","og_title":"Asiel - RD Advocaten","og_url":"https:\/\/www.rdadvocaten.nl\/tr\/vreemdelingenrecht\/asiel\/","og_site_name":"RD Advocaten","article_modified_time":"2023-04-26T07:13:38+00:00","twitter_card":"summary_large_image","schema":{"@context":"https:\/\/schema.org","@graph":[{"@type":"WebPage","@id":"https:\/\/www.rdadvocaten.nl\/vreemdelingenrecht\/asiel\/","url":"https:\/\/www.rdadvocaten.nl\/vreemdelingenrecht\/asiel\/","name":"Asiel - RD Advocaten","isPartOf":{"@id":"https:\/\/www.rdadvocaten.nl\/#website"},"datePublished":"2023-03-16T07:48:10+00:00","dateModified":"2023-04-26T07:13:38+00:00","breadcrumb":{"@id":"https:\/\/www.rdadvocaten.nl\/vreemdelingenrecht\/asiel\/#breadcrumb"},"inLanguage":"tr","potentialAction":[{"@type":"ReadAction","target":["https:\/\/www.rdadvocaten.nl\/vreemdelingenrecht\/asiel\/"]}]},{"@type":"BreadcrumbList","@id":"https:\/\/www.rdadvocaten.nl\/vreemdelingenrecht\/asiel\/#breadcrumb","itemListElement":[{"@type":"ListItem","position":1,"name":"Home","item":"https:\/\/www.rdadvocaten.nl\/"},{"@type":"ListItem","position":2,"name":"Vreemdelingenrecht","item":"https:\/\/www.rdadvocaten.nl\/vreemdelingenrecht\/"},{"@type":"ListItem","position":3,"name":"Asiel"}]},{"@type":"WebSite","@id":"https:\/\/www.rdadvocaten.nl\/#website","url":"https:\/\/www.rdadvocaten.nl\/","name":"RD Advocaten","description":"","potentialAction":[{"@type":"SearchAction","target":{"@type":"EntryPoint","urlTemplate":"https:\/\/www.rdadvocaten.nl\/?s={search_term_string}"},"query-input":{"@type":"PropertyValueSpecification","valueRequired":true,"valueName":"search_term_string"}}],"inLanguage":"tr"}]}},"_links":{"self":[{"href":"https:\/\/www.rdadvocaten.nl\/tr\/wp-json\/wp\/v2\/pages\/96","targetHints":{"allow":["GET"]}}],"collection":[{"href":"https:\/\/www.rdadvocaten.nl\/tr\/wp-json\/wp\/v2\/pages"}],"about":[{"href":"https:\/\/www.rdadvocaten.nl\/tr\/wp-json\/wp\/v2\/types\/page"}],"author":[{"embeddable":true,"href":"https:\/\/www.rdadvocaten.nl\/tr\/wp-json\/wp\/v2\/users\/1"}],"replies":[{"embeddable":true,"href":"https:\/\/www.rdadvocaten.nl\/tr\/wp-json\/wp\/v2\/comments?post=96"}],"version-history":[{"count":6,"href":"https:\/\/www.rdadvocaten.nl\/tr\/wp-json\/wp\/v2\/pages\/96\/revisions"}],"predecessor-version":[{"id":486,"href":"https:\/\/www.rdadvocaten.nl\/tr\/wp-json\/wp\/v2\/pages\/96\/revisions\/486"}],"up":[{"embeddable":true,"href":"https:\/\/www.rdadvocaten.nl\/tr\/wp-json\/wp\/v2\/pages\/90"}],"wp:attachment":[{"href":"https:\/\/www.rdadvocaten.nl\/tr\/wp-json\/wp\/v2\/media?parent=96"}],"curies":[{"name":"wp","href":"https:\/\/api.w.org\/{rel}","templated":true}]}}