{"id":98,"date":"2023-03-16T08:48:26","date_gmt":"2023-03-16T07:48:26","guid":{"rendered":"https:\/\/www.rdadvocaten.nl\/?page_id=98"},"modified":"2023-04-03T18:19:11","modified_gmt":"2023-04-03T16:19:11","slug":"vreemdelingenbewaring","status":"publish","type":"page","link":"https:\/\/www.rdadvocaten.nl\/tr\/vreemdelingenrecht\/vreemdelingenbewaring\/","title":{"rendered":"G\u00f6\u00e7menlik g\u00f6zalt\u0131s\u0131"},"content":{"rendered":"<section class=\"section\" id=\"section_1797197280\">\n\t\t<div class=\"bg section-bg fill bg-fill  bg-loaded\" >\n\n\t\t\t\n\t\t\t\n\t\t\t\n\n\t\t<\/div>\n\n\t\t\n\n\t\t<div class=\"section-content relative\">\n\t\t\t\n<div class=\"row row-collapse\"  id=\"row-660361019\">\n\n\t<div id=\"col-1239530951\" class=\"col small-12 large-12\"  >\n\t\t\t\t<div class=\"col-inner\"  >\n\t\t\t\n\t\t\t\n<div class=\"container section-title-container\" ><h1 class=\"section-title section-title-center\"><b><\/b><span class=\"section-title-main\" >G\u00f6\u00e7menlik g\u00f6zalt\u0131s\u0131<\/span><b><\/b><\/h1><\/div>\n\t\t<\/div>\n\t\t\t\t\t<\/div>\n\n\t\n<\/div>\n<div class=\"row align-middle\"  id=\"row-81233229\">\n\n\t<div id=\"col-1339042407\" class=\"col medium-6 small-12 large-6\"  >\n\t\t\t\t<div class=\"col-inner\"  >\n\t\t\t\n\t\t\t\n\t<div class=\"img has-hover x md-x lg-x y md-y lg-y\" id=\"image_1130991670\">\n\t\t\t\t\t\t\t\t<div class=\"img-inner dark\" >\n\t\t\t<img loading=\"lazy\" decoding=\"async\" width=\"1000\" height=\"977\" src=\"https:\/\/www.rdadvocaten.nl\/wp-content\/uploads\/2023\/04\/bewaring.jpg\" class=\"attachment-large size-large\" alt=\"\" srcset=\"https:\/\/www.rdadvocaten.nl\/wp-content\/uploads\/2023\/04\/bewaring.jpg 1000w, https:\/\/www.rdadvocaten.nl\/wp-content\/uploads\/2023\/04\/bewaring-300x293.jpg 300w, https:\/\/www.rdadvocaten.nl\/wp-content\/uploads\/2023\/04\/bewaring-768x750.jpg 768w, https:\/\/www.rdadvocaten.nl\/wp-content\/uploads\/2023\/04\/bewaring-12x12.jpg 12w\" sizes=\"auto, (max-width: 1000px) 100vw, 1000px\" \/>\t\t\t\t\t\t\n\t\t\t\t\t<\/div>\n\t\t\t\t\t\t\t\t\n<style>\n#image_1130991670 {\n  width: 100%;\n}\n<\/style>\n\t<\/div>\n\t\n\t\t<\/div>\n\t\t\t\t\t<\/div>\n\n\t\n\n\t<div id=\"col-943609293\" class=\"col medium-6 small-12 large-6\"  >\n\t\t\t\t<div class=\"col-inner\"  >\n\t\t\t\n\t\t\t\n<p>Avukatlar\u0131m\u0131z g\u00f6\u00e7menlik g\u00f6zalt\u0131s\u0131 alan\u0131nda geni\u015f deneyime sahiptir. G\u00f6\u00e7menlik g\u00f6zalt\u0131s\u0131 ile ilgili yayg\u0131n\ndurumlar \u015funlard\u0131r:<\/p>\n<ul>\n<li>T\u00fcm yasal yollar\u0131 t\u00fckettiniz ve s\u0131n\u0131r d\u0131\u015f\u0131 edilmeyi beklerken g\u00f6zetim alt\u0131na al\u0131nd\u0131n\u0131z<\/li>\n<li>Ba\u015fka bir \u00dcye Devlette s\u0131\u011f\u0131nma ba\u015fvurusunda bulundunuz ve o \u00fclkenin yetkililerine teslim edilmek\n\u00fczere g\u00f6zalt\u0131nda tutuluyorsunuz<\/li>\n<li>G\u00f6zalt\u0131ndaki yabanc\u0131 uyruklular genellikle istenmeyen ki\u015fi ilan\u0131yla veya giri\u015f yasa\u011f\u0131yla da kar\u015f\u0131\nkar\u015f\u0131ya kalmaktad\u0131r<\/li>\n<li>\u0130ltica ba\u015fvurusunda bulundunuz ve IND&#039;nin karar\u0131n\u0131 g\u00f6zalt\u0131nda beklemek zorundas\u0131n\u0131z<\/li>\n<\/ul>\n<p>Siz veya tan\u0131d\u0131\u011f\u0131n\u0131z biri g\u00f6\u00e7menlik g\u00f6zalt\u0131s\u0131 ile kar\u015f\u0131 kar\u015f\u0131yaysa, l\u00fctfen bizimle ileti\u015fime ge\u00e7in.<\/p>\n<p class=\"translation-block\">L\u00fctfen unutmay\u0131n: Adli Yard\u0131m Kurulu (Legal Aid Board), g\u00f6\u00e7menlik g\u00f6zalt\u0131s\u0131 vakalar\u0131nda erken bir\na\u015famada bir avukat atayacakt\u0131r. Yani neredeyse t\u00fcm vakalarda davaya zaten bir avukat atanm\u0131\u015ft\u0131r.<\/p>\n<a href=\"tel:+31762050810\" target=\"_self\" class=\"button primary lowercase\"  >\n  <i class=\"icon-phone\" aria-hidden=\"true\" ><\/i>  <span>+31 (0)76 205 0810<\/span>\n  <\/a>\n\n\n<a href=\"mailto:info@rdadvocaten.nl\" target=\"_self\" class=\"button primary lowercase\"  >\n  <i class=\"icon-envelop\" aria-hidden=\"true\" ><\/i>  <span>info@rdadvocaten.nl<\/span>\n  <\/a>\n\n\t\t<\/div>\n\t\t\t\t\t<\/div>\n\n\t\n<\/div>\n\t\t<\/div>\n\n\t\t\n<style>\n#section_1797197280 {\n  padding-top: 30px;\n  padding-bottom: 30px;\n}\n#section_1797197280 .ux-shape-divider--top svg {\n  height: 150px;\n  --divider-top-width: 100%;\n}\n#section_1797197280 .ux-shape-divider--bottom svg {\n  height: 150px;\n  --divider-width: 100%;\n}\n<\/style>\n\t<\/section>","protected":false},"excerpt":{"rendered":"","protected":false},"author":1,"featured_media":0,"parent":90,"menu_order":0,"comment_status":"closed","ping_status":"closed","template":"page-blank.php","meta":{"footnotes":""},"class_list":["post-98","page","type-page","status-publish","hentry"],"yoast_head":"<!-- This site is optimized with the Yoast SEO plugin v27.4 - https:\/\/yoast.com\/product\/yoast-seo-wordpress\/ -->\n<title>Vreemdelingenbewaring - RD Advocaten<\/title>\n<meta name=\"robots\" content=\"index, follow, max-snippet:-1, max-image-preview:large, max-video-preview:-1\" \/>\n<link rel=\"canonical\" href=\"https:\/\/www.rdadvocaten.nl\/tr\/vreemdelingenrecht\/vreemdelingenbewaring\/\" \/>\n<meta property=\"og:locale\" content=\"tr_TR\" \/>\n<meta property=\"og:type\" content=\"article\" \/>\n<meta property=\"og:title\" content=\"Vreemdelingenbewaring - RD Advocaten\" \/>\n<meta property=\"og:url\" content=\"https:\/\/www.rdadvocaten.nl\/tr\/vreemdelingenrecht\/vreemdelingenbewaring\/\" \/>\n<meta property=\"og:site_name\" content=\"RD Advocaten\" \/>\n<meta property=\"article:modified_time\" content=\"2023-04-03T16:19:11+00:00\" \/>\n<meta name=\"twitter:card\" content=\"summary_large_image\" \/>\n<meta name=\"twitter:label1\" content=\"Tahmini okuma s\u00fcresi\" \/>\n\t<meta name=\"twitter:data1\" content=\"1 dakika\" \/>\n<script type=\"application\/ld+json\" class=\"yoast-schema-graph\">{\"@context\":\"https:\\\/\\\/schema.org\",\"@graph\":[{\"@type\":\"WebPage\",\"@id\":\"https:\\\/\\\/www.rdadvocaten.nl\\\/vreemdelingenrecht\\\/vreemdelingenbewaring\\\/\",\"url\":\"https:\\\/\\\/www.rdadvocaten.nl\\\/vreemdelingenrecht\\\/vreemdelingenbewaring\\\/\",\"name\":\"Vreemdelingenbewaring - RD Advocaten\",\"isPartOf\":{\"@id\":\"https:\\\/\\\/www.rdadvocaten.nl\\\/#website\"},\"datePublished\":\"2023-03-16T07:48:26+00:00\",\"dateModified\":\"2023-04-03T16:19:11+00:00\",\"breadcrumb\":{\"@id\":\"https:\\\/\\\/www.rdadvocaten.nl\\\/vreemdelingenrecht\\\/vreemdelingenbewaring\\\/#breadcrumb\"},\"inLanguage\":\"tr\",\"potentialAction\":[{\"@type\":\"ReadAction\",\"target\":[\"https:\\\/\\\/www.rdadvocaten.nl\\\/vreemdelingenrecht\\\/vreemdelingenbewaring\\\/\"]}]},{\"@type\":\"BreadcrumbList\",\"@id\":\"https:\\\/\\\/www.rdadvocaten.nl\\\/vreemdelingenrecht\\\/vreemdelingenbewaring\\\/#breadcrumb\",\"itemListElement\":[{\"@type\":\"ListItem\",\"position\":1,\"name\":\"Home\",\"item\":\"https:\\\/\\\/www.rdadvocaten.nl\\\/\"},{\"@type\":\"ListItem\",\"position\":2,\"name\":\"Vreemdelingenrecht\",\"item\":\"https:\\\/\\\/www.rdadvocaten.nl\\\/vreemdelingenrecht\\\/\"},{\"@type\":\"ListItem\",\"position\":3,\"name\":\"Vreemdelingenbewaring\"}]},{\"@type\":\"WebSite\",\"@id\":\"https:\\\/\\\/www.rdadvocaten.nl\\\/#website\",\"url\":\"https:\\\/\\\/www.rdadvocaten.nl\\\/\",\"name\":\"RD Advocaten\",\"description\":\"\",\"potentialAction\":[{\"@type\":\"SearchAction\",\"target\":{\"@type\":\"EntryPoint\",\"urlTemplate\":\"https:\\\/\\\/www.rdadvocaten.nl\\\/?s={search_term_string}\"},\"query-input\":{\"@type\":\"PropertyValueSpecification\",\"valueRequired\":true,\"valueName\":\"search_term_string\"}}],\"inLanguage\":\"tr\"}]}<\/script>\n<!-- \/ Yoast SEO plugin. -->","yoast_head_json":{"title":"Vreemdelingenbewaring - RD Advocaten","robots":{"index":"index","follow":"follow","max-snippet":"max-snippet:-1","max-image-preview":"max-image-preview:large","max-video-preview":"max-video-preview:-1"},"canonical":"https:\/\/www.rdadvocaten.nl\/tr\/vreemdelingenrecht\/vreemdelingenbewaring\/","og_locale":"tr_TR","og_type":"article","og_title":"Vreemdelingenbewaring - RD Advocaten","og_url":"https:\/\/www.rdadvocaten.nl\/tr\/vreemdelingenrecht\/vreemdelingenbewaring\/","og_site_name":"RD Advocaten","article_modified_time":"2023-04-03T16:19:11+00:00","twitter_card":"summary_large_image","twitter_misc":{"Tahmini okuma s\u00fcresi":"1 dakika"},"schema":{"@context":"https:\/\/schema.org","@graph":[{"@type":"WebPage","@id":"https:\/\/www.rdadvocaten.nl\/vreemdelingenrecht\/vreemdelingenbewaring\/","url":"https:\/\/www.rdadvocaten.nl\/vreemdelingenrecht\/vreemdelingenbewaring\/","name":"Vreemdelingenbewaring - RD Advocaten","isPartOf":{"@id":"https:\/\/www.rdadvocaten.nl\/#website"},"datePublished":"2023-03-16T07:48:26+00:00","dateModified":"2023-04-03T16:19:11+00:00","breadcrumb":{"@id":"https:\/\/www.rdadvocaten.nl\/vreemdelingenrecht\/vreemdelingenbewaring\/#breadcrumb"},"inLanguage":"tr","potentialAction":[{"@type":"ReadAction","target":["https:\/\/www.rdadvocaten.nl\/vreemdelingenrecht\/vreemdelingenbewaring\/"]}]},{"@type":"BreadcrumbList","@id":"https:\/\/www.rdadvocaten.nl\/vreemdelingenrecht\/vreemdelingenbewaring\/#breadcrumb","itemListElement":[{"@type":"ListItem","position":1,"name":"Home","item":"https:\/\/www.rdadvocaten.nl\/"},{"@type":"ListItem","position":2,"name":"Vreemdelingenrecht","item":"https:\/\/www.rdadvocaten.nl\/vreemdelingenrecht\/"},{"@type":"ListItem","position":3,"name":"Vreemdelingenbewaring"}]},{"@type":"WebSite","@id":"https:\/\/www.rdadvocaten.nl\/#website","url":"https:\/\/www.rdadvocaten.nl\/","name":"RD Advocaten","description":"","potentialAction":[{"@type":"SearchAction","target":{"@type":"EntryPoint","urlTemplate":"https:\/\/www.rdadvocaten.nl\/?s={search_term_string}"},"query-input":{"@type":"PropertyValueSpecification","valueRequired":true,"valueName":"search_term_string"}}],"inLanguage":"tr"}]}},"_links":{"self":[{"href":"https:\/\/www.rdadvocaten.nl\/tr\/wp-json\/wp\/v2\/pages\/98","targetHints":{"allow":["GET"]}}],"collection":[{"href":"https:\/\/www.rdadvocaten.nl\/tr\/wp-json\/wp\/v2\/pages"}],"about":[{"href":"https:\/\/www.rdadvocaten.nl\/tr\/wp-json\/wp\/v2\/types\/page"}],"author":[{"embeddable":true,"href":"https:\/\/www.rdadvocaten.nl\/tr\/wp-json\/wp\/v2\/users\/1"}],"replies":[{"embeddable":true,"href":"https:\/\/www.rdadvocaten.nl\/tr\/wp-json\/wp\/v2\/comments?post=98"}],"version-history":[{"count":4,"href":"https:\/\/www.rdadvocaten.nl\/tr\/wp-json\/wp\/v2\/pages\/98\/revisions"}],"predecessor-version":[{"id":417,"href":"https:\/\/www.rdadvocaten.nl\/tr\/wp-json\/wp\/v2\/pages\/98\/revisions\/417"}],"up":[{"embeddable":true,"href":"https:\/\/www.rdadvocaten.nl\/tr\/wp-json\/wp\/v2\/pages\/90"}],"wp:attachment":[{"href":"https:\/\/www.rdadvocaten.nl\/tr\/wp-json\/wp\/v2\/media?parent=98"}],"curies":[{"name":"wp","href":"https:\/\/api.w.org\/{rel}","templated":true}]}}